{"id":12335,"date":"2023-12-21T15:27:30","date_gmt":"2023-12-21T14:27:30","guid":{"rendered":"https:\/\/billigtbling.se\/produkt\/sport-solglasogon-silver-guld-med-spegelglas-2\/"},"modified":"2025-11-22T17:02:03","modified_gmt":"2025-11-22T16:02:03","slug":"sport-solglasogon-silver-guld-med-spegelglas-2","status":"publish","type":"product","link":"https:\/\/billigtbling.se\/en\/product\/sport-solglasogon-silver-guld-med-spegelglas-2\/","title":{"rendered":"Sports sunglasses silver\/gold with mirrored lenses"},"content":{"rendered":"<p>Real sports sunglasses in silver with yellow\/green mirrored glass, with gold and a stylish hole pattern on the temples.<\/p>\n<p>Be both trendy and protect your eyes.<br \/>The sunglasses have UV400 protection which means they filter radiation and light up to a wavelength of 400 nanometers.<\/p>\n<p>Nose bridge width ~20 mm<br \/>Glass width: ~14 cm<br \/>Temple length: ~ 11 cm<br \/>Frame color: Silver and gold<br \/>Lens color: Mirror glass<br \/>Weight: ~29g<\/p>","protected":false},"excerpt":{"rendered":"<p>Riktiga sport solglas\u00f6gon i silver med gul\/gr\u00f6nt spegelglas, med guld och snyggt h\u00e5l m\u00f6nster p\u00e5 skalmarna. Var b\u00e5de trendig och skydda dina \u00f6gon.Solglas\u00f6gonen har uv400 skydd som inneb\u00e4r filtrerar str\u00e5lning och ljus upp till en v\u00e5gl\u00e4ngd p\u00e5 400 nanometer N\u00e4sbrygga bredd ~20 mmGlasbredd: ~14 cmSkalml\u00e4ngd: ~ 11 cmRam f\u00e4rg: Silver och guldLinsf\u00e4rg: SpegelglasVikt: ~29g<\/p>","protected":false},"featured_media":12334,"comment_status":"open","ping_status":"closed","template":"","meta":{"site-sidebar-layout":"default","site-content-layout":"","ast-site-content-layout":"default","site-content-style":"default","site-sidebar-style":"default","ast-global-header-display":"","ast-banner-title-visibility":"","ast-main-header-display":"","ast-hfb-above-header-display":"","ast-hfb-below-header-display":"","ast-hfb-mobile-header-display":"","site-post-title":"","ast-breadcrumbs-content":"","ast-featured-img":"","footer-sml-layout":"","theme-transparent-header-meta":"","adv-header-id-meta":"","stick-header-meta":"","header-above-stick-meta":"","header-main-stick-meta":"","header-below-stick-meta":"","astra-migrate-meta-layouts":"default","ast-page-background-enabled":"default","ast-page-background-meta":{"desktop":{"background-color":"var(--ast-global-color-4)","background-image":"","background-repeat":"repeat","background-position":"center center","background-size":"auto","background-attachment":"scroll","background-type":"","background-media":"","overlay-type":"","overlay-color":"","overlay-opacity":"","overlay-gradient":""},"tablet":{"background-color":"","background-image":"","background-repeat":"repeat","background-position":"center center","background-size":"auto","background-attachment":"scroll","background-type":"","background-media":"","overlay-type":"","overlay-color":"","overlay-opacity":"","overlay-gradient":""},"mobile":{"background-color":"","background-image":"","background-repeat":"repeat","background-position":"center center","background-size":"auto","background-attachment":"scroll","background-type":"","background-media":"","overlay-type":"","overlay-color":"","overlay-opacity":"","overlay-gradient":""}},"ast-content-background-meta":{"desktop":{"background-color":"var(--ast-global-color-5)","background-image":"","background-repeat":"repeat","background-position":"center center","background-size":"auto","background-attachment":"scroll","background-type":"","background-media":"","overlay-type":"","overlay-color":"","overlay-opacity":"","overlay-gradient":""},"tablet":{"background-color":"var(--ast-global-color-5)","background-image":"","background-repeat":"repeat","background-position":"center center","background-size":"auto","background-attachment":"scroll","background-type":"","background-media":"","overlay-type":"","overlay-color":"","overlay-opacity":"","overlay-gradient":""},"mobile":{"background-color":"var(--ast-global-color-5)","background-image":"","background-repeat":"repeat","background-position":"center center","background-size":"auto","background-attachment":"scroll","background-type":"","background-media":"","overlay-type":"","overlay-color":"","overlay-opacity":"","overlay-gradient":""}}},"product_brand":[],"product_cat":[235],"product_tag":[],"class_list":{"0":"post-12335","1":"product","2":"type-product","3":"status-publish","4":"has-post-thumbnail","6":"product_cat-solglasogon","7":"desktop-align-left","8":"tablet-align-left","9":"mobile-align-left","11":"first","12":"instock","13":"sale","14":"taxable","15":"shipping-taxable","16":"purchasable","17":"product-type-simple"},"_links":{"self":[{"href":"https:\/\/billigtbling.se\/en\/wp-json\/wp\/v2\/product\/12335","targetHints":{"allow":["GET"]}}],"collection":[{"href":"https:\/\/billigtbling.se\/en\/wp-json\/wp\/v2\/product"}],"about":[{"href":"https:\/\/billigtbling.se\/en\/wp-json\/wp\/v2\/types\/product"}],"replies":[{"embeddable":true,"href":"https:\/\/billigtbling.se\/en\/wp-json\/wp\/v2\/comments?post=12335"}],"wp:featuredmedia":[{"embeddable":true,"href":"https:\/\/billigtbling.se\/en\/wp-json\/wp\/v2\/media\/12334"}],"wp:attachment":[{"href":"https:\/\/billigtbling.se\/en\/wp-json\/wp\/v2\/media?parent=12335"}],"wp:term":[{"taxonomy":"product_brand","embeddable":true,"href":"https:\/\/billigtbling.se\/en\/wp-json\/wp\/v2\/product_brand?post=12335"},{"taxonomy":"product_cat","embeddable":true,"href":"https:\/\/billigtbling.se\/en\/wp-json\/wp\/v2\/product_cat?post=12335"},{"taxonomy":"product_tag","embeddable":true,"href":"https:\/\/billigtbling.se\/en\/wp-json\/wp\/v2\/product_tag?post=12335"}],"curies":[{"name":"wp","href":"https:\/\/api.w.org\/{rel}","templated":true}]}}