{"id":12369,"date":"2024-01-03T13:58:32","date_gmt":"2024-01-03T12:58:32","guid":{"rendered":"https:\/\/billigtbling.se\/produkt\/produkt-4\/"},"modified":"2025-11-22T17:02:19","modified_gmt":"2025-11-22T16:02:19","slug":"produkt-4","status":"publish","type":"product","link":"https:\/\/billigtbling.se\/en\/product\/produkt-4\/","title":{"rendered":"Sunglasses Sporty navy blue with black mirror lenses"},"content":{"rendered":"<p>Sporty sunglasses with navy blue frames around the lens, slightly different side pieces in dark steel with a stylish pattern and black mirrored lenses.<\/p>\n<p>Be both trendy and protect your eyes.<br \/>The sunglasses have UV400 protection which means they filter radiation and light up to a wavelength of 400 nanometers.<\/p>\n<p>Nose bridge width ~15 mm<br \/>Glass width: ~65 mm<br \/>Temple length: ~ 12 cm<br \/>Frame color: Navy blue \/ dark steel<br \/>Lens color: Black<br \/>Weight: ~30g<\/p>","protected":false},"excerpt":{"rendered":"<p>Sportiga solglas\u00f6gon med marinbl\u00e5 ramar kring linsen, lite annorlunda sidostycken i m\u00f6rk st\u00e5l med snyggt m\u00f6nster och svart spegellins. Var b\u00e5de trendig och skydda dina \u00f6gon.Solglas\u00f6gonen har uv400 skydd som inneb\u00e4r filtrerar str\u00e5lning och ljus upp till en v\u00e5gl\u00e4ngd p\u00e5 400 nanometer N\u00e4sbrygga bredd ~15 mmGlasbredd: ~65 mmSkalml\u00e4ngd: ~ 12 cmRam f\u00e4rg: Marinbl\u00e5 \/ m\u00f6rk [&hellip;]<\/p>","protected":false},"featured_media":12373,"comment_status":"open","ping_status":"closed","template":"","meta":{"site-sidebar-layout":"default","site-content-layout":"","ast-site-content-layout":"default","site-content-style":"default","site-sidebar-style":"default","ast-global-header-display":"","ast-banner-title-visibility":"","ast-main-header-display":"","ast-hfb-above-header-display":"","ast-hfb-below-header-display":"","ast-hfb-mobile-header-display":"","site-post-title":"","ast-breadcrumbs-content":"","ast-featured-img":"","footer-sml-layout":"","theme-transparent-header-meta":"","adv-header-id-meta":"","stick-header-meta":"","header-above-stick-meta":"","header-main-stick-meta":"","header-below-stick-meta":"","astra-migrate-meta-layouts":"default","ast-page-background-enabled":"default","ast-page-background-meta":{"desktop":{"background-color":"var(--ast-global-color-4)","background-image":"","background-repeat":"repeat","background-position":"center center","background-size":"auto","background-attachment":"scroll","background-type":"","background-media":"","overlay-type":"","overlay-color":"","overlay-opacity":"","overlay-gradient":""},"tablet":{"background-color":"","background-image":"","background-repeat":"repeat","background-position":"center center","background-size":"auto","background-attachment":"scroll","background-type":"","background-media":"","overlay-type":"","overlay-color":"","overlay-opacity":"","overlay-gradient":""},"mobile":{"background-color":"","background-image":"","background-repeat":"repeat","background-position":"center center","background-size":"auto","background-attachment":"scroll","background-type":"","background-media":"","overlay-type":"","overlay-color":"","overlay-opacity":"","overlay-gradient":""}},"ast-content-background-meta":{"desktop":{"background-color":"var(--ast-global-color-5)","background-image":"","background-repeat":"repeat","background-position":"center center","background-size":"auto","background-attachment":"scroll","background-type":"","background-media":"","overlay-type":"","overlay-color":"","overlay-opacity":"","overlay-gradient":""},"tablet":{"background-color":"var(--ast-global-color-5)","background-image":"","background-repeat":"repeat","background-position":"center center","background-size":"auto","background-attachment":"scroll","background-type":"","background-media":"","overlay-type":"","overlay-color":"","overlay-opacity":"","overlay-gradient":""},"mobile":{"background-color":"var(--ast-global-color-5)","background-image":"","background-repeat":"repeat","background-position":"center center","background-size":"auto","background-attachment":"scroll","background-type":"","background-media":"","overlay-type":"","overlay-color":"","overlay-opacity":"","overlay-gradient":""}}},"product_brand":[],"product_cat":[235],"product_tag":[],"class_list":{"0":"post-12369","1":"product","2":"type-product","3":"status-publish","4":"has-post-thumbnail","6":"product_cat-solglasogon","7":"desktop-align-left","8":"tablet-align-left","9":"mobile-align-left","11":"first","12":"instock","13":"sale","14":"taxable","15":"shipping-taxable","16":"purchasable","17":"product-type-simple"},"_links":{"self":[{"href":"https:\/\/billigtbling.se\/en\/wp-json\/wp\/v2\/product\/12369","targetHints":{"allow":["GET"]}}],"collection":[{"href":"https:\/\/billigtbling.se\/en\/wp-json\/wp\/v2\/product"}],"about":[{"href":"https:\/\/billigtbling.se\/en\/wp-json\/wp\/v2\/types\/product"}],"replies":[{"embeddable":true,"href":"https:\/\/billigtbling.se\/en\/wp-json\/wp\/v2\/comments?post=12369"}],"wp:featuredmedia":[{"embeddable":true,"href":"https:\/\/billigtbling.se\/en\/wp-json\/wp\/v2\/media\/12373"}],"wp:attachment":[{"href":"https:\/\/billigtbling.se\/en\/wp-json\/wp\/v2\/media?parent=12369"}],"wp:term":[{"taxonomy":"product_brand","embeddable":true,"href":"https:\/\/billigtbling.se\/en\/wp-json\/wp\/v2\/product_brand?post=12369"},{"taxonomy":"product_cat","embeddable":true,"href":"https:\/\/billigtbling.se\/en\/wp-json\/wp\/v2\/product_cat?post=12369"},{"taxonomy":"product_tag","embeddable":true,"href":"https:\/\/billigtbling.se\/en\/wp-json\/wp\/v2\/product_tag?post=12369"}],"curies":[{"name":"wp","href":"https:\/\/api.w.org\/{rel}","templated":true}]}}