{"id":12505,"date":"2024-02-07T13:22:36","date_gmt":"2024-02-07T12:22:36","guid":{"rendered":"https:\/\/billigtbling.se\/produkt\/harklamma-lila-glittrig-fjaril\/"},"modified":"2026-03-07T15:26:36","modified_gmt":"2026-03-07T14:26:36","slug":"harklamma-lila-glittrig-fjaril","status":"publish","type":"product","link":"https:\/\/billigtbling.se\/en\/product\/harklamma-lila-glittrig-fjaril\/","title":{"rendered":"Hair clip purple glittery butterfly"},"content":{"rendered":"<p>Explore a new level of charm and playfulness with our adorable butterfly hair clip. This elegant accessory is designed with purple glitter wings, adding a touch of glamour to your hair. The thin metal feathers on which the wings sit provide a subtle movement, creating an enchanting effect as they sparkle in the light.<br id=\"isPasted\"><br \/>The cute butterfly shape makes it possible to create different hairstyles or simply use it as a beautiful decoration in your hair. You can choose between two designs, where the clip itself is placed either on the right or left side, giving you the opportunity to customize your style as desired.<br \/>Measuring approximately 5.7 x 4.5 mm, this hair clip is the perfect accessory to accentuate your personal style with a touch of playful elegance. Upgrade your look and let the sparkling butterfly in your hair become a conversation piece and a delightful accent for any occasion.<\/p>\n<p>Size: ~ 5.7 x 4.5 mm<br \/>Weight:~7g<\/p>","protected":false},"excerpt":{"rendered":"<p>Utforska en ny niv\u00e5 av charm och lekfullhet med v\u00e5r bed\u00e5rande h\u00e5rkl\u00e4mma i form av en fj\u00e4ril. Denna eleganta accessoar \u00e4r utformad med lilaglittriga vingar, vilket ger en touch av glamour till ditt h\u00e5r. De tunna metallfj\u00e4drarna p\u00e5 vilka vingarna sitter ger en subtil r\u00f6rlighet, vilket skapar en f\u00f6rtrollande effekt n\u00e4r de glittrar i ljuset.Den [&hellip;]<\/p>","protected":false},"featured_media":12506,"comment_status":"open","ping_status":"closed","template":"","meta":{"site-sidebar-layout":"default","site-content-layout":"","ast-site-content-layout":"default","site-content-style":"default","site-sidebar-style":"default","ast-global-header-display":"","ast-banner-title-visibility":"","ast-main-header-display":"","ast-hfb-above-header-display":"","ast-hfb-below-header-display":"","ast-hfb-mobile-header-display":"","site-post-title":"","ast-breadcrumbs-content":"","ast-featured-img":"","footer-sml-layout":"","theme-transparent-header-meta":"","adv-header-id-meta":"","stick-header-meta":"","header-above-stick-meta":"","header-main-stick-meta":"","header-below-stick-meta":"","astra-migrate-meta-layouts":"default","ast-page-background-enabled":"default","ast-page-background-meta":{"desktop":{"background-color":"var(--ast-global-color-4)","background-image":"","background-repeat":"repeat","background-position":"center center","background-size":"auto","background-attachment":"scroll","background-type":"","background-media":"","overlay-type":"","overlay-color":"","overlay-opacity":"","overlay-gradient":""},"tablet":{"background-color":"","background-image":"","background-repeat":"repeat","background-position":"center center","background-size":"auto","background-attachment":"scroll","background-type":"","background-media":"","overlay-type":"","overlay-color":"","overlay-opacity":"","overlay-gradient":""},"mobile":{"background-color":"","background-image":"","background-repeat":"repeat","background-position":"center center","background-size":"auto","background-attachment":"scroll","background-type":"","background-media":"","overlay-type":"","overlay-color":"","overlay-opacity":"","overlay-gradient":""}},"ast-content-background-meta":{"desktop":{"background-color":"var(--ast-global-color-5)","background-image":"","background-repeat":"repeat","background-position":"center center","background-size":"auto","background-attachment":"scroll","background-type":"","background-media":"","overlay-type":"","overlay-color":"","overlay-opacity":"","overlay-gradient":""},"tablet":{"background-color":"var(--ast-global-color-5)","background-image":"","background-repeat":"repeat","background-position":"center center","background-size":"auto","background-attachment":"scroll","background-type":"","background-media":"","overlay-type":"","overlay-color":"","overlay-opacity":"","overlay-gradient":""},"mobile":{"background-color":"var(--ast-global-color-5)","background-image":"","background-repeat":"repeat","background-position":"center center","background-size":"auto","background-attachment":"scroll","background-type":"","background-media":"","overlay-type":"","overlay-color":"","overlay-opacity":"","overlay-gradient":""}}},"product_brand":[],"product_cat":[27],"product_tag":[],"class_list":{"0":"post-12505","1":"product","2":"type-product","3":"status-publish","4":"has-post-thumbnail","6":"product_cat-hartillbehor","7":"desktop-align-left","8":"tablet-align-left","9":"mobile-align-left","11":"first","12":"instock","13":"sale","14":"taxable","15":"shipping-taxable","16":"purchasable","17":"product-type-variable"},"_links":{"self":[{"href":"https:\/\/billigtbling.se\/en\/wp-json\/wp\/v2\/product\/12505","targetHints":{"allow":["GET"]}}],"collection":[{"href":"https:\/\/billigtbling.se\/en\/wp-json\/wp\/v2\/product"}],"about":[{"href":"https:\/\/billigtbling.se\/en\/wp-json\/wp\/v2\/types\/product"}],"replies":[{"embeddable":true,"href":"https:\/\/billigtbling.se\/en\/wp-json\/wp\/v2\/comments?post=12505"}],"wp:featuredmedia":[{"embeddable":true,"href":"https:\/\/billigtbling.se\/en\/wp-json\/wp\/v2\/media\/12506"}],"wp:attachment":[{"href":"https:\/\/billigtbling.se\/en\/wp-json\/wp\/v2\/media?parent=12505"}],"wp:term":[{"taxonomy":"product_brand","embeddable":true,"href":"https:\/\/billigtbling.se\/en\/wp-json\/wp\/v2\/product_brand?post=12505"},{"taxonomy":"product_cat","embeddable":true,"href":"https:\/\/billigtbling.se\/en\/wp-json\/wp\/v2\/product_cat?post=12505"},{"taxonomy":"product_tag","embeddable":true,"href":"https:\/\/billigtbling.se\/en\/wp-json\/wp\/v2\/product_tag?post=12505"}],"curies":[{"name":"wp","href":"https:\/\/api.w.org\/{rel}","templated":true}]}}