{"id":12525,"date":"2024-02-07T13:34:45","date_gmt":"2024-02-07T12:34:45","guid":{"rendered":"https:\/\/billigtbling.se\/produkt\/doskalle-pirat-nyckelring\/"},"modified":"2025-11-22T17:07:48","modified_gmt":"2025-11-22T16:07:48","slug":"doskalle-pirat-nyckelring","status":"publish","type":"product","link":"https:\/\/billigtbling.se\/en\/product\/doskalle-pirat-nyckelring\/","title":{"rendered":"Skull Pirate Keychain"},"content":{"rendered":"<p>Bring a dose of adventure with you wherever you go with our Skull Keychain \u2013 a terrifying pirate ready to add a touch of pirate mystique to your everyday life. This small but detailed keychain is a miniature version of a skull pirate, complete with exciting and terrifying details.<br id=\"isPasted\"><br \/>The little pirate wears his identity with pride and is handcrafted with precision. Details include a sharp knife in his mouth that adds an extra level of danger and adventure. An eye patch gives the figure an air of mystery, and the classic bandana around his head adds an authentic touch of pirate life.<\/p>\n<p>This skull key chain is not only practical for keeping your keys organized, but also a work of art in miniature. The sturdy construction and carefully crafted details make it a great addition for any pirate enthusiast or those who appreciate a unique and exciting key chain.<\/p>\n<p>For those who love to express their personality with their accessories, this Skull Keychain is the perfect choice. Give your key ring, bag or wallet an extra dose of pirate character and create a conversation piece among friends and colleagues. Let this little pirate companion accompany you on your daily adventures and let him be the ultimate expression of your own unique style.<\/p>\n<p>Head size: ~4.5x 4x 4.5 cm<br \/>Weight:~22g<\/p>","protected":false},"excerpt":{"rendered":"<p>Ta med dig en dos \u00e4ventyr vart du \u00e4n g\u00e5r med v\u00e5r D\u00f6skalle Nyckelring &#8211; en skr\u00e4ckinjagande pirat redo att ge en touch av piratmystik till din vardag. Denna lilla men detaljerade nyckelring \u00e4r en miniatyrversion av en d\u00f6dskalle-pirat, komplett med sp\u00e4nnande och skr\u00e4mmande detaljer.Den lilla piraten b\u00e4r sin identitet med stolthet och \u00e4r handgjord [&hellip;]<\/p>","protected":false},"featured_media":12524,"comment_status":"open","ping_status":"closed","template":"","meta":{"site-sidebar-layout":"default","site-content-layout":"","ast-site-content-layout":"default","site-content-style":"default","site-sidebar-style":"default","ast-global-header-display":"","ast-banner-title-visibility":"","ast-main-header-display":"","ast-hfb-above-header-display":"","ast-hfb-below-header-display":"","ast-hfb-mobile-header-display":"","site-post-title":"","ast-breadcrumbs-content":"","ast-featured-img":"","footer-sml-layout":"","theme-transparent-header-meta":"","adv-header-id-meta":"","stick-header-meta":"","header-above-stick-meta":"","header-main-stick-meta":"","header-below-stick-meta":"","astra-migrate-meta-layouts":"default","ast-page-background-enabled":"default","ast-page-background-meta":{"desktop":{"background-color":"var(--ast-global-color-4)","background-image":"","background-repeat":"repeat","background-position":"center center","background-size":"auto","background-attachment":"scroll","background-type":"","background-media":"","overlay-type":"","overlay-color":"","overlay-opacity":"","overlay-gradient":""},"tablet":{"background-color":"","background-image":"","background-repeat":"repeat","background-position":"center center","background-size":"auto","background-attachment":"scroll","background-type":"","background-media":"","overlay-type":"","overlay-color":"","overlay-opacity":"","overlay-gradient":""},"mobile":{"background-color":"","background-image":"","background-repeat":"repeat","background-position":"center center","background-size":"auto","background-attachment":"scroll","background-type":"","background-media":"","overlay-type":"","overlay-color":"","overlay-opacity":"","overlay-gradient":""}},"ast-content-background-meta":{"desktop":{"background-color":"var(--ast-global-color-5)","background-image":"","background-repeat":"repeat","background-position":"center center","background-size":"auto","background-attachment":"scroll","background-type":"","background-media":"","overlay-type":"","overlay-color":"","overlay-opacity":"","overlay-gradient":""},"tablet":{"background-color":"var(--ast-global-color-5)","background-image":"","background-repeat":"repeat","background-position":"center center","background-size":"auto","background-attachment":"scroll","background-type":"","background-media":"","overlay-type":"","overlay-color":"","overlay-opacity":"","overlay-gradient":""},"mobile":{"background-color":"var(--ast-global-color-5)","background-image":"","background-repeat":"repeat","background-position":"center center","background-size":"auto","background-attachment":"scroll","background-type":"","background-media":"","overlay-type":"","overlay-color":"","overlay-opacity":"","overlay-gradient":""}}},"product_brand":[],"product_cat":[63],"product_tag":[],"class_list":{"0":"post-12525","1":"product","2":"type-product","3":"status-publish","4":"has-post-thumbnail","6":"product_cat-nyckelringar","7":"desktop-align-left","8":"tablet-align-left","9":"mobile-align-left","11":"first","12":"instock","13":"sale","14":"taxable","15":"shipping-taxable","16":"purchasable","17":"product-type-simple"},"_links":{"self":[{"href":"https:\/\/billigtbling.se\/en\/wp-json\/wp\/v2\/product\/12525","targetHints":{"allow":["GET"]}}],"collection":[{"href":"https:\/\/billigtbling.se\/en\/wp-json\/wp\/v2\/product"}],"about":[{"href":"https:\/\/billigtbling.se\/en\/wp-json\/wp\/v2\/types\/product"}],"replies":[{"embeddable":true,"href":"https:\/\/billigtbling.se\/en\/wp-json\/wp\/v2\/comments?post=12525"}],"wp:featuredmedia":[{"embeddable":true,"href":"https:\/\/billigtbling.se\/en\/wp-json\/wp\/v2\/media\/12524"}],"wp:attachment":[{"href":"https:\/\/billigtbling.se\/en\/wp-json\/wp\/v2\/media?parent=12525"}],"wp:term":[{"taxonomy":"product_brand","embeddable":true,"href":"https:\/\/billigtbling.se\/en\/wp-json\/wp\/v2\/product_brand?post=12525"},{"taxonomy":"product_cat","embeddable":true,"href":"https:\/\/billigtbling.se\/en\/wp-json\/wp\/v2\/product_cat?post=12525"},{"taxonomy":"product_tag","embeddable":true,"href":"https:\/\/billigtbling.se\/en\/wp-json\/wp\/v2\/product_tag?post=12525"}],"curies":[{"name":"wp","href":"https:\/\/api.w.org\/{rel}","templated":true}]}}