{"id":12556,"date":"2024-02-07T13:51:20","date_gmt":"2024-02-07T12:51:20","guid":{"rendered":"https:\/\/billigtbling.se\/produkt\/liten-doskalle\/"},"modified":"2026-01-01T23:34:07","modified_gmt":"2026-01-01T22:34:07","slug":"liten-doskalle","status":"publish","type":"product","link":"https:\/\/billigtbling.se\/en\/product\/liten-doskalle\/","title":{"rendered":"Little Skull"},"content":{"rendered":"<p><br id=\"isPasted\">Enter the enchanting world of art with this hand-painted skull figurine. Created by M\u00e4rka Gallery, this unique work of art is filled with mystery and fascination. The characteristic hole at the top gives you the opportunity to add a personal touch in a way that suits your unique style.<\/p>\n<p>With a smaller cutout, this skull figurine may not be ideal for flowers or candles, but it does open up other creative possibilities. Consider placing small symbolic items like crystals, jewelry, or an important note. Despite its limited size, the figurine is sure to stand out and grab attention with its unique design.<\/p>\n<p>The hand-painted surface and carefully crafted details give the figure an artistic quality. The worn and damaged aesthetic gives it character and a sense of history, making it a memorable form of artistic expression.<\/p>\n<p>This skull figurine from M\u00e4rka Gallery will not only be a work of art, but also a conversation starter and a place for personal creativity. Give your home a touch of artistic rebelliousness and explore different possibilities with this fascinating piece of art.<\/p>\n<p>Size:~5x4x3.8cm<br \/>Weight:~47g<br \/>Tagged: Tag Gallery \u00a997<\/p>","protected":false},"excerpt":{"rendered":"<p>Stig in i konstens f\u00f6rtrollande v\u00e4rld med denna handm\u00e5lade d\u00f6dskallefigur. Skapad av M\u00e4rka Gallery, \u00e4r denna unika konstverk fylld med mystik och fascination. Det karakteristiska h\u00e5let h\u00f6gst upp ger dig m\u00f6jligheten att l\u00e4gga till en personlig touch p\u00e5 ett s\u00e4tt som passar din unika stil. Med en mindre urgr\u00f6pning \u00e4r denna d\u00f6dskallefigur kanske inte idealisk [&hellip;]<\/p>","protected":false},"featured_media":12554,"comment_status":"open","ping_status":"closed","template":"","meta":{"site-sidebar-layout":"default","site-content-layout":"","ast-site-content-layout":"default","site-content-style":"default","site-sidebar-style":"default","ast-global-header-display":"","ast-banner-title-visibility":"","ast-main-header-display":"","ast-hfb-above-header-display":"","ast-hfb-below-header-display":"","ast-hfb-mobile-header-display":"","site-post-title":"","ast-breadcrumbs-content":"","ast-featured-img":"","footer-sml-layout":"","theme-transparent-header-meta":"","adv-header-id-meta":"","stick-header-meta":"","header-above-stick-meta":"","header-main-stick-meta":"","header-below-stick-meta":"","astra-migrate-meta-layouts":"default","ast-page-background-enabled":"default","ast-page-background-meta":{"desktop":{"background-color":"var(--ast-global-color-4)","background-image":"","background-repeat":"repeat","background-position":"center center","background-size":"auto","background-attachment":"scroll","background-type":"","background-media":"","overlay-type":"","overlay-color":"","overlay-opacity":"","overlay-gradient":""},"tablet":{"background-color":"","background-image":"","background-repeat":"repeat","background-position":"center center","background-size":"auto","background-attachment":"scroll","background-type":"","background-media":"","overlay-type":"","overlay-color":"","overlay-opacity":"","overlay-gradient":""},"mobile":{"background-color":"","background-image":"","background-repeat":"repeat","background-position":"center center","background-size":"auto","background-attachment":"scroll","background-type":"","background-media":"","overlay-type":"","overlay-color":"","overlay-opacity":"","overlay-gradient":""}},"ast-content-background-meta":{"desktop":{"background-color":"var(--ast-global-color-5)","background-image":"","background-repeat":"repeat","background-position":"center center","background-size":"auto","background-attachment":"scroll","background-type":"","background-media":"","overlay-type":"","overlay-color":"","overlay-opacity":"","overlay-gradient":""},"tablet":{"background-color":"var(--ast-global-color-5)","background-image":"","background-repeat":"repeat","background-position":"center center","background-size":"auto","background-attachment":"scroll","background-type":"","background-media":"","overlay-type":"","overlay-color":"","overlay-opacity":"","overlay-gradient":""},"mobile":{"background-color":"var(--ast-global-color-5)","background-image":"","background-repeat":"repeat","background-position":"center center","background-size":"auto","background-attachment":"scroll","background-type":"","background-media":"","overlay-type":"","overlay-color":"","overlay-opacity":"","overlay-gradient":""}}},"product_brand":[],"product_cat":[62,428],"product_tag":[],"class_list":{"0":"post-12556","1":"product","2":"type-product","3":"status-publish","4":"has-post-thumbnail","6":"product_cat-dekorationer","7":"product_cat-fyndhorna","8":"desktop-align-left","9":"tablet-align-left","10":"mobile-align-left","12":"first","13":"instock","14":"sale","15":"taxable","16":"shipping-taxable","17":"purchasable","18":"product-type-simple"},"_links":{"self":[{"href":"https:\/\/billigtbling.se\/en\/wp-json\/wp\/v2\/product\/12556","targetHints":{"allow":["GET"]}}],"collection":[{"href":"https:\/\/billigtbling.se\/en\/wp-json\/wp\/v2\/product"}],"about":[{"href":"https:\/\/billigtbling.se\/en\/wp-json\/wp\/v2\/types\/product"}],"replies":[{"embeddable":true,"href":"https:\/\/billigtbling.se\/en\/wp-json\/wp\/v2\/comments?post=12556"}],"wp:featuredmedia":[{"embeddable":true,"href":"https:\/\/billigtbling.se\/en\/wp-json\/wp\/v2\/media\/12554"}],"wp:attachment":[{"href":"https:\/\/billigtbling.se\/en\/wp-json\/wp\/v2\/media?parent=12556"}],"wp:term":[{"taxonomy":"product_brand","embeddable":true,"href":"https:\/\/billigtbling.se\/en\/wp-json\/wp\/v2\/product_brand?post=12556"},{"taxonomy":"product_cat","embeddable":true,"href":"https:\/\/billigtbling.se\/en\/wp-json\/wp\/v2\/product_cat?post=12556"},{"taxonomy":"product_tag","embeddable":true,"href":"https:\/\/billigtbling.se\/en\/wp-json\/wp\/v2\/product_tag?post=12556"}],"curies":[{"name":"wp","href":"https:\/\/api.w.org\/{rel}","templated":true}]}}