{"id":12570,"date":"2024-02-07T13:52:17","date_gmt":"2024-02-07T12:52:17","guid":{"rendered":"https:\/\/billigtbling.se\/produkt\/lampa-av-ursprungsamerikan\/"},"modified":"2025-07-28T11:20:04","modified_gmt":"2025-07-28T09:20:04","slug":"lampa-av-ursprungsamerikan","status":"publish","type":"product","link":"https:\/\/billigtbling.se\/en\/product\/lampa-av-ursprungsamerikan\/","title":{"rendered":"Native American lamp"},"content":{"rendered":"<div>Explore the artistic beauty and cultural richness of our exclusive 50 cm tall lamp inspired by two Native Americans. This unique piece of art is made of ceramic and depicts a chief embracing his child, creating a sense of warmth and community.<\/p>\n<p>The lamp is integrated into the design, spreading a soft light through a dreamcatcher that forms the centerpiece of the artwork. The chief proudly holds a spear, and every detail is carefully crafted with authenticity and respect for Native American culture in mind.<\/p>\n<p>The decorations on the lamp pay homage to traditional elements and include beautiful feathers, leather straps, beads, fur and stones that add an additional dimension of beauty and authenticity. Every detail is skillfully crafted to catch the eye and tell a story of craftsmanship and history.<\/p>\n<p>The 1.5-meter-long cord is conveniently designed with a switch for convenience. This makes the lamp not only an artistic masterpiece but also a functional and elegant lighting solution for your home.<\/p>\n<p>Create a unique atmosphere and incorporate cultural richness into your space with this outstanding lamp that is more than just a lighting device \u2013 it is an artistic tribute to Native American culture and an investment in uniquely designed home decor.<\/p>\n<p>Size<br \/>Height~ 50 cm<br \/>Bottom plate:~11x 11 cm<br \/>Weight:~980g<\/div>","protected":false},"excerpt":{"rendered":"<p>Utforska den konstn\u00e4rliga sk\u00f6nheten och kulturella rikedomen hos v\u00e5r exklusiva 50 cm h\u00f6ga lampa inspirerad av tv\u00e5 Ursprungsamerikaner. Detta unika konstverk \u00e4r tillverkad av keramik och skildrar en h\u00f6vding som omfamnar sitt barn, skapandes en k\u00e4nsla av v\u00e4rme och gemenskap. Lampan \u00e4r integrerad i designen och sprider ett mjukt ljus genom en dr\u00f6mf\u00e5ngare som utg\u00f6r [&hellip;]<\/p>","protected":false},"featured_media":12567,"comment_status":"open","ping_status":"closed","template":"","meta":{"site-sidebar-layout":"default","site-content-layout":"","ast-site-content-layout":"default","site-content-style":"default","site-sidebar-style":"default","ast-global-header-display":"","ast-banner-title-visibility":"","ast-main-header-display":"","ast-hfb-above-header-display":"","ast-hfb-below-header-display":"","ast-hfb-mobile-header-display":"","site-post-title":"","ast-breadcrumbs-content":"","ast-featured-img":"","footer-sml-layout":"","theme-transparent-header-meta":"","adv-header-id-meta":"","stick-header-meta":"","header-above-stick-meta":"","header-main-stick-meta":"","header-below-stick-meta":"","astra-migrate-meta-layouts":"default","ast-page-background-enabled":"default","ast-page-background-meta":{"desktop":{"background-color":"var(--ast-global-color-4)","background-image":"","background-repeat":"repeat","background-position":"center center","background-size":"auto","background-attachment":"scroll","background-type":"","background-media":"","overlay-type":"","overlay-color":"","overlay-opacity":"","overlay-gradient":""},"tablet":{"background-color":"","background-image":"","background-repeat":"repeat","background-position":"center center","background-size":"auto","background-attachment":"scroll","background-type":"","background-media":"","overlay-type":"","overlay-color":"","overlay-opacity":"","overlay-gradient":""},"mobile":{"background-color":"","background-image":"","background-repeat":"repeat","background-position":"center center","background-size":"auto","background-attachment":"scroll","background-type":"","background-media":"","overlay-type":"","overlay-color":"","overlay-opacity":"","overlay-gradient":""}},"ast-content-background-meta":{"desktop":{"background-color":"var(--ast-global-color-5)","background-image":"","background-repeat":"repeat","background-position":"center center","background-size":"auto","background-attachment":"scroll","background-type":"","background-media":"","overlay-type":"","overlay-color":"","overlay-opacity":"","overlay-gradient":""},"tablet":{"background-color":"var(--ast-global-color-5)","background-image":"","background-repeat":"repeat","background-position":"center center","background-size":"auto","background-attachment":"scroll","background-type":"","background-media":"","overlay-type":"","overlay-color":"","overlay-opacity":"","overlay-gradient":""},"mobile":{"background-color":"var(--ast-global-color-5)","background-image":"","background-repeat":"repeat","background-position":"center center","background-size":"auto","background-attachment":"scroll","background-type":"","background-media":"","overlay-type":"","overlay-color":"","overlay-opacity":"","overlay-gradient":""}}},"product_brand":[],"product_cat":[62],"product_tag":[],"class_list":{"0":"post-12570","1":"product","2":"type-product","3":"status-publish","4":"has-post-thumbnail","6":"product_cat-dekorationer","7":"desktop-align-left","8":"tablet-align-left","9":"mobile-align-left","11":"first","12":"outofstock","13":"sale","14":"taxable","15":"shipping-taxable","16":"purchasable","17":"product-type-simple"},"_links":{"self":[{"href":"https:\/\/billigtbling.se\/en\/wp-json\/wp\/v2\/product\/12570","targetHints":{"allow":["GET"]}}],"collection":[{"href":"https:\/\/billigtbling.se\/en\/wp-json\/wp\/v2\/product"}],"about":[{"href":"https:\/\/billigtbling.se\/en\/wp-json\/wp\/v2\/types\/product"}],"replies":[{"embeddable":true,"href":"https:\/\/billigtbling.se\/en\/wp-json\/wp\/v2\/comments?post=12570"}],"wp:featuredmedia":[{"embeddable":true,"href":"https:\/\/billigtbling.se\/en\/wp-json\/wp\/v2\/media\/12567"}],"wp:attachment":[{"href":"https:\/\/billigtbling.se\/en\/wp-json\/wp\/v2\/media?parent=12570"}],"wp:term":[{"taxonomy":"product_brand","embeddable":true,"href":"https:\/\/billigtbling.se\/en\/wp-json\/wp\/v2\/product_brand?post=12570"},{"taxonomy":"product_cat","embeddable":true,"href":"https:\/\/billigtbling.se\/en\/wp-json\/wp\/v2\/product_cat?post=12570"},{"taxonomy":"product_tag","embeddable":true,"href":"https:\/\/billigtbling.se\/en\/wp-json\/wp\/v2\/product_tag?post=12570"}],"curies":[{"name":"wp","href":"https:\/\/api.w.org\/{rel}","templated":true}]}}