{"id":12614,"date":"2024-02-15T13:50:59","date_gmt":"2024-02-15T12:50:59","guid":{"rendered":"https:\/\/billigtbling.se\/produkt\/halsband-mane-med-skelett\/"},"modified":"2025-11-22T17:07:59","modified_gmt":"2025-11-22T16:07:59","slug":"halsband-mane-med-skelett","status":"publish","type":"product","link":"https:\/\/billigtbling.se\/en\/product\/halsband-mane-med-skelett\/","title":{"rendered":"Necklace with moon and skeleton"},"content":{"rendered":"<p>Explore the mysterious and bold aesthetic with our latest necklace. This black necklace is an expression of artistic creativity and symbolizes a union of mystery and beauty.<\/p>\n<p>The pendant on this necklace is a true artistic creation; a silver-colored metal pendant depicting a moon, whose silhouette is embraced by parts of a skeleton. This unique design captures the attention and brings to mind mythical stories and mysteries of the past.<\/p>\n<p>On each side of the pendant is a stylish metal bead, which adds a subtle touch of elegance and balance to the piece. These beads complement the overall aesthetic and provide a harmonious symmetry to the necklace.<\/p>\n<p>The clasp and clasp details are made of silver-colored metal, which completes the sophisticated and modern feel of this piece of jewelry.<\/p>\n<p>This necklace is more than just an accessory; it is a symbol of individuality and personal style. Wear this necklace and let its presence enhance your unique aura and add a touch of mystery to your look. Give your look an edge of excitement and boldness with this stunning necklace.<\/p>\n<p>Strap length:~44cm<br id=\"isPasted\">Pendant length:~3cm<\/p>","protected":false},"excerpt":{"rendered":"<p>Utforska den mystiska och dj\u00e4rva estetiken med v\u00e5rt senaste halsband. Detta svarta halsband \u00e4r ett uttryck f\u00f6r konstn\u00e4rlig kreativitet och symboliserar en f\u00f6rening av mystik och sk\u00f6nhet. H\u00e4nget p\u00e5 detta halsband \u00e4r en sann konstn\u00e4rlig skapelse; ett silverf\u00e4rgat h\u00e4nge i metall som f\u00f6rest\u00e4ller en m\u00e5ne, vars silhuett omfamnas av delar av ett skelett. Denna unika [&hellip;]<\/p>","protected":false},"featured_media":12612,"comment_status":"open","ping_status":"closed","template":"","meta":{"site-sidebar-layout":"default","site-content-layout":"","ast-site-content-layout":"default","site-content-style":"default","site-sidebar-style":"default","ast-global-header-display":"","ast-banner-title-visibility":"","ast-main-header-display":"","ast-hfb-above-header-display":"","ast-hfb-below-header-display":"","ast-hfb-mobile-header-display":"","site-post-title":"","ast-breadcrumbs-content":"","ast-featured-img":"","footer-sml-layout":"","theme-transparent-header-meta":"","adv-header-id-meta":"","stick-header-meta":"","header-above-stick-meta":"","header-main-stick-meta":"","header-below-stick-meta":"","astra-migrate-meta-layouts":"default","ast-page-background-enabled":"default","ast-page-background-meta":{"desktop":{"background-color":"var(--ast-global-color-4)","background-image":"","background-repeat":"repeat","background-position":"center center","background-size":"auto","background-attachment":"scroll","background-type":"","background-media":"","overlay-type":"","overlay-color":"","overlay-opacity":"","overlay-gradient":""},"tablet":{"background-color":"","background-image":"","background-repeat":"repeat","background-position":"center center","background-size":"auto","background-attachment":"scroll","background-type":"","background-media":"","overlay-type":"","overlay-color":"","overlay-opacity":"","overlay-gradient":""},"mobile":{"background-color":"","background-image":"","background-repeat":"repeat","background-position":"center center","background-size":"auto","background-attachment":"scroll","background-type":"","background-media":"","overlay-type":"","overlay-color":"","overlay-opacity":"","overlay-gradient":""}},"ast-content-background-meta":{"desktop":{"background-color":"var(--ast-global-color-5)","background-image":"","background-repeat":"repeat","background-position":"center center","background-size":"auto","background-attachment":"scroll","background-type":"","background-media":"","overlay-type":"","overlay-color":"","overlay-opacity":"","overlay-gradient":""},"tablet":{"background-color":"var(--ast-global-color-5)","background-image":"","background-repeat":"repeat","background-position":"center center","background-size":"auto","background-attachment":"scroll","background-type":"","background-media":"","overlay-type":"","overlay-color":"","overlay-opacity":"","overlay-gradient":""},"mobile":{"background-color":"var(--ast-global-color-5)","background-image":"","background-repeat":"repeat","background-position":"center center","background-size":"auto","background-attachment":"scroll","background-type":"","background-media":"","overlay-type":"","overlay-color":"","overlay-opacity":"","overlay-gradient":""}}},"product_brand":[],"product_cat":[21],"product_tag":[],"class_list":{"0":"post-12614","1":"product","2":"type-product","3":"status-publish","4":"has-post-thumbnail","6":"product_cat-halsband","7":"desktop-align-left","8":"tablet-align-left","9":"mobile-align-left","11":"first","12":"instock","13":"sale","14":"taxable","15":"shipping-taxable","16":"purchasable","17":"product-type-simple"},"_links":{"self":[{"href":"https:\/\/billigtbling.se\/en\/wp-json\/wp\/v2\/product\/12614","targetHints":{"allow":["GET"]}}],"collection":[{"href":"https:\/\/billigtbling.se\/en\/wp-json\/wp\/v2\/product"}],"about":[{"href":"https:\/\/billigtbling.se\/en\/wp-json\/wp\/v2\/types\/product"}],"replies":[{"embeddable":true,"href":"https:\/\/billigtbling.se\/en\/wp-json\/wp\/v2\/comments?post=12614"}],"wp:featuredmedia":[{"embeddable":true,"href":"https:\/\/billigtbling.se\/en\/wp-json\/wp\/v2\/media\/12612"}],"wp:attachment":[{"href":"https:\/\/billigtbling.se\/en\/wp-json\/wp\/v2\/media?parent=12614"}],"wp:term":[{"taxonomy":"product_brand","embeddable":true,"href":"https:\/\/billigtbling.se\/en\/wp-json\/wp\/v2\/product_brand?post=12614"},{"taxonomy":"product_cat","embeddable":true,"href":"https:\/\/billigtbling.se\/en\/wp-json\/wp\/v2\/product_cat?post=12614"},{"taxonomy":"product_tag","embeddable":true,"href":"https:\/\/billigtbling.se\/en\/wp-json\/wp\/v2\/product_tag?post=12614"}],"curies":[{"name":"wp","href":"https:\/\/api.w.org\/{rel}","templated":true}]}}