{"id":12625,"date":"2024-02-15T14:54:33","date_gmt":"2024-02-15T13:54:33","guid":{"rendered":"https:\/\/billigtbling.se\/produkt\/halsband-med-svart-tand\/"},"modified":"2025-11-22T17:31:47","modified_gmt":"2025-11-22T16:31:47","slug":"halsband-med-svart-tand","status":"publish","type":"product","link":"https:\/\/billigtbling.se\/en\/product\/halsband-med-svart-tand\/","title":{"rendered":"Black tooth necklace"},"content":{"rendered":"<p><br id=\"isPasted\">Explore the bold beauty of Native American art with our unique necklace. Inspired by the rich culture and wildlife of North American indigenous traditions, we proudly present our black necklace with a fascinating pendant that mimics the majestic black canine of a predator.<\/p>\n<p>The pendant is a skillfully cast representation of strength and beauty with its detailed design. The black canine is set in a silver mount, the pattern of which draws attention to its finesse and refinement. On each side of the pendant hang three pearls, whose subtle shine enhances the mystery and elegance of the necklace.<\/p>\n<p>The detailing on this necklace is nothing short of impressive. The clasp and clasp details are crafted from silver-toned metal, complementing the overall aesthetic theme and adding a touch of modernity to this timeless piece.<\/p>\n<p>Our product is not just a necklace; it is a tribute to a rich cultural heritage and a reminder of the magnificence of animals. With our necklace, you can carry a piece of this beauty and strength with you wherever you go. Give your look a unique touch of origin and mystery with this stunning necklace.<\/p>\n<p>Strap length:~44cm<br \/>Pendant length:~4cm<\/p>","protected":false},"excerpt":{"rendered":"<p>Utforska den dj\u00e4rva sk\u00f6nheten i ursprungsamerikansk konst med v\u00e5rt enast\u00e5ende halsband. Inspirerat av den rika kulturen och djurlivet i nordamerikanska urbefolkningars traditioner, presenterar vi stolt v\u00e5rt svarta halsband med ett fascinerande h\u00e4nge som efterliknar den majest\u00e4tiska svarta h\u00f6rntanden fr\u00e5n ett rovdjur. H\u00e4nget \u00e4r en skickligt gjuten representation av styrka och sk\u00f6nhet med sin detaljerade design. [&hellip;]<\/p>","protected":false},"featured_media":12624,"comment_status":"open","ping_status":"closed","template":"","meta":{"site-sidebar-layout":"default","site-content-layout":"","ast-site-content-layout":"default","site-content-style":"default","site-sidebar-style":"default","ast-global-header-display":"","ast-banner-title-visibility":"","ast-main-header-display":"","ast-hfb-above-header-display":"","ast-hfb-below-header-display":"","ast-hfb-mobile-header-display":"","site-post-title":"","ast-breadcrumbs-content":"","ast-featured-img":"","footer-sml-layout":"","theme-transparent-header-meta":"","adv-header-id-meta":"","stick-header-meta":"","header-above-stick-meta":"","header-main-stick-meta":"","header-below-stick-meta":"","astra-migrate-meta-layouts":"default","ast-page-background-enabled":"default","ast-page-background-meta":{"desktop":{"background-color":"var(--ast-global-color-4)","background-image":"","background-repeat":"repeat","background-position":"center center","background-size":"auto","background-attachment":"scroll","background-type":"","background-media":"","overlay-type":"","overlay-color":"","overlay-opacity":"","overlay-gradient":""},"tablet":{"background-color":"","background-image":"","background-repeat":"repeat","background-position":"center center","background-size":"auto","background-attachment":"scroll","background-type":"","background-media":"","overlay-type":"","overlay-color":"","overlay-opacity":"","overlay-gradient":""},"mobile":{"background-color":"","background-image":"","background-repeat":"repeat","background-position":"center center","background-size":"auto","background-attachment":"scroll","background-type":"","background-media":"","overlay-type":"","overlay-color":"","overlay-opacity":"","overlay-gradient":""}},"ast-content-background-meta":{"desktop":{"background-color":"var(--ast-global-color-5)","background-image":"","background-repeat":"repeat","background-position":"center center","background-size":"auto","background-attachment":"scroll","background-type":"","background-media":"","overlay-type":"","overlay-color":"","overlay-opacity":"","overlay-gradient":""},"tablet":{"background-color":"var(--ast-global-color-5)","background-image":"","background-repeat":"repeat","background-position":"center center","background-size":"auto","background-attachment":"scroll","background-type":"","background-media":"","overlay-type":"","overlay-color":"","overlay-opacity":"","overlay-gradient":""},"mobile":{"background-color":"var(--ast-global-color-5)","background-image":"","background-repeat":"repeat","background-position":"center center","background-size":"auto","background-attachment":"scroll","background-type":"","background-media":"","overlay-type":"","overlay-color":"","overlay-opacity":"","overlay-gradient":""}}},"product_brand":[],"product_cat":[428,21],"product_tag":[],"class_list":{"0":"post-12625","1":"product","2":"type-product","3":"status-publish","4":"has-post-thumbnail","6":"product_cat-fyndhorna","7":"product_cat-halsband","8":"desktop-align-left","9":"tablet-align-left","10":"mobile-align-left","12":"first","13":"instock","14":"sale","15":"taxable","16":"shipping-taxable","17":"purchasable","18":"product-type-simple"},"_links":{"self":[{"href":"https:\/\/billigtbling.se\/en\/wp-json\/wp\/v2\/product\/12625","targetHints":{"allow":["GET"]}}],"collection":[{"href":"https:\/\/billigtbling.se\/en\/wp-json\/wp\/v2\/product"}],"about":[{"href":"https:\/\/billigtbling.se\/en\/wp-json\/wp\/v2\/types\/product"}],"replies":[{"embeddable":true,"href":"https:\/\/billigtbling.se\/en\/wp-json\/wp\/v2\/comments?post=12625"}],"wp:featuredmedia":[{"embeddable":true,"href":"https:\/\/billigtbling.se\/en\/wp-json\/wp\/v2\/media\/12624"}],"wp:attachment":[{"href":"https:\/\/billigtbling.se\/en\/wp-json\/wp\/v2\/media?parent=12625"}],"wp:term":[{"taxonomy":"product_brand","embeddable":true,"href":"https:\/\/billigtbling.se\/en\/wp-json\/wp\/v2\/product_brand?post=12625"},{"taxonomy":"product_cat","embeddable":true,"href":"https:\/\/billigtbling.se\/en\/wp-json\/wp\/v2\/product_cat?post=12625"},{"taxonomy":"product_tag","embeddable":true,"href":"https:\/\/billigtbling.se\/en\/wp-json\/wp\/v2\/product_tag?post=12625"}],"curies":[{"name":"wp","href":"https:\/\/api.w.org\/{rel}","templated":true}]}}