{"id":12633,"date":"2024-02-15T15:13:36","date_gmt":"2024-02-15T14:13:36","guid":{"rendered":"https:\/\/billigtbling.se\/produkt\/marschallhallare-i-form-av-en-stjarna\/"},"modified":"2025-07-28T11:20:17","modified_gmt":"2025-07-28T09:20:17","slug":"marschallhallare-i-form-av-en-stjarna","status":"publish","type":"product","link":"https:\/\/billigtbling.se\/en\/product\/marschallhallare-i-form-av-en-stjarna\/","title":{"rendered":"Marshal holder in the shape of a star"},"content":{"rendered":"<p>Capture the magic of the night with our stunning star shaped marshall holder. This elegant and practical solution is perfect for brightening up your outdoor evenings with a touch of style and safety.<\/p>\n<p>Made from recycled powder-coated metal, our marshall holder consists of three parts: two star parts and a center part. It is easy to assemble and will immediately add an enchanting atmosphere to your garden, patio or deck.<\/p>\n<p>The stars are not only decorative but also have thoughtful holes drilled to allow the light to elegantly seep through from the marshall. The raised design keeps the marshall off the ground, maximizing the effect of the beautiful light radiating from the center of the star.<\/p>\n<p>With our design concept, you don&#039;t have to worry about safety. The well-constructed marshall holder eliminates the risk of fire spreading and allows you to enjoy the warming marshall without worry.<\/p>\n<p>And the best part is that our marshall holder isn&#039;t just for outdoor use! Its versatile design means it can also be used as an atmospheric indoor candle holder for large tea lights or block candles, adding a touch of elegance to your home decor.<\/p>\n<p>Upgrade your outdoor or indoor environment with our star-shaped marshall holder and let its beauty brighten your evenings in a safe and stylish way.<\/p>\n<p>Assembled size:~20.8 x 21.6 x 11 cm<br \/>Weight:~506g<\/p>","protected":false},"excerpt":{"rendered":"<p>F\u00e5nga magin i natten med v\u00e5r fantastiska marschallh\u00e5llare i form av en stj\u00e4rna. Denna eleganta och praktiska l\u00f6sning \u00e4r perfekt f\u00f6r att lysa upp dina utomhuskv\u00e4llar med en touch av stil och s\u00e4kerhet. Tillverkad av \u00e5tervunnen pulverlackerad metall, best\u00e5r v\u00e5r marschallh\u00e5llare av tre delar: tv\u00e5 stj\u00e4rndelar och en mittendel. Den \u00e4r enkel att montera och [&hellip;]<\/p>","protected":false},"featured_media":12632,"comment_status":"open","ping_status":"closed","template":"","meta":{"site-sidebar-layout":"default","site-content-layout":"","ast-site-content-layout":"default","site-content-style":"default","site-sidebar-style":"default","ast-global-header-display":"","ast-banner-title-visibility":"","ast-main-header-display":"","ast-hfb-above-header-display":"","ast-hfb-below-header-display":"","ast-hfb-mobile-header-display":"","site-post-title":"","ast-breadcrumbs-content":"","ast-featured-img":"","footer-sml-layout":"","theme-transparent-header-meta":"","adv-header-id-meta":"","stick-header-meta":"","header-above-stick-meta":"","header-main-stick-meta":"","header-below-stick-meta":"","astra-migrate-meta-layouts":"default","ast-page-background-enabled":"default","ast-page-background-meta":{"desktop":{"background-color":"var(--ast-global-color-4)","background-image":"","background-repeat":"repeat","background-position":"center center","background-size":"auto","background-attachment":"scroll","background-type":"","background-media":"","overlay-type":"","overlay-color":"","overlay-opacity":"","overlay-gradient":""},"tablet":{"background-color":"","background-image":"","background-repeat":"repeat","background-position":"center center","background-size":"auto","background-attachment":"scroll","background-type":"","background-media":"","overlay-type":"","overlay-color":"","overlay-opacity":"","overlay-gradient":""},"mobile":{"background-color":"","background-image":"","background-repeat":"repeat","background-position":"center center","background-size":"auto","background-attachment":"scroll","background-type":"","background-media":"","overlay-type":"","overlay-color":"","overlay-opacity":"","overlay-gradient":""}},"ast-content-background-meta":{"desktop":{"background-color":"var(--ast-global-color-5)","background-image":"","background-repeat":"repeat","background-position":"center center","background-size":"auto","background-attachment":"scroll","background-type":"","background-media":"","overlay-type":"","overlay-color":"","overlay-opacity":"","overlay-gradient":""},"tablet":{"background-color":"var(--ast-global-color-5)","background-image":"","background-repeat":"repeat","background-position":"center center","background-size":"auto","background-attachment":"scroll","background-type":"","background-media":"","overlay-type":"","overlay-color":"","overlay-opacity":"","overlay-gradient":""},"mobile":{"background-color":"var(--ast-global-color-5)","background-image":"","background-repeat":"repeat","background-position":"center center","background-size":"auto","background-attachment":"scroll","background-type":"","background-media":"","overlay-type":"","overlay-color":"","overlay-opacity":"","overlay-gradient":""}}},"product_brand":[],"product_cat":[62,60],"product_tag":[],"class_list":{"0":"post-12633","1":"product","2":"type-product","3":"status-publish","4":"has-post-thumbnail","6":"product_cat-dekorationer","7":"product_cat-presenter","8":"desktop-align-left","9":"tablet-align-left","10":"mobile-align-left","12":"first","13":"outofstock","14":"sale","15":"taxable","16":"shipping-taxable","17":"purchasable","18":"product-type-simple"},"_links":{"self":[{"href":"https:\/\/billigtbling.se\/en\/wp-json\/wp\/v2\/product\/12633","targetHints":{"allow":["GET"]}}],"collection":[{"href":"https:\/\/billigtbling.se\/en\/wp-json\/wp\/v2\/product"}],"about":[{"href":"https:\/\/billigtbling.se\/en\/wp-json\/wp\/v2\/types\/product"}],"replies":[{"embeddable":true,"href":"https:\/\/billigtbling.se\/en\/wp-json\/wp\/v2\/comments?post=12633"}],"wp:featuredmedia":[{"embeddable":true,"href":"https:\/\/billigtbling.se\/en\/wp-json\/wp\/v2\/media\/12632"}],"wp:attachment":[{"href":"https:\/\/billigtbling.se\/en\/wp-json\/wp\/v2\/media?parent=12633"}],"wp:term":[{"taxonomy":"product_brand","embeddable":true,"href":"https:\/\/billigtbling.se\/en\/wp-json\/wp\/v2\/product_brand?post=12633"},{"taxonomy":"product_cat","embeddable":true,"href":"https:\/\/billigtbling.se\/en\/wp-json\/wp\/v2\/product_cat?post=12633"},{"taxonomy":"product_tag","embeddable":true,"href":"https:\/\/billigtbling.se\/en\/wp-json\/wp\/v2\/product_tag?post=12633"}],"curies":[{"name":"wp","href":"https:\/\/api.w.org\/{rel}","templated":true}]}}