{"id":12635,"date":"2024-02-15T15:13:44","date_gmt":"2024-02-15T14:13:44","guid":{"rendered":"https:\/\/billigtbling.se\/produkt\/ljusskalar-2-pack\/"},"modified":"2025-12-10T17:59:37","modified_gmt":"2025-12-10T16:59:37","slug":"ljusskalar-2-pack","status":"publish","type":"product","link":"https:\/\/billigtbling.se\/en\/product\/ljusskalar-2-pack\/","title":{"rendered":"Candle bowls 2-pack"},"content":{"rendered":"<p>Create an atmospheric atmosphere in your home with these elegant candle holders in a practical pack of 2. Designed with a timeless black finish, these candle holders exude a stylish simplicity that is perfect to complement any interior style.<\/p>\n<p>Made from recycled powder-coated metal, these candle holders not only add a touch of elegance but also an eco-friendly twist to your decor. Their durable construction makes them perfect for long-term use, while reducing your carbon footprint.<\/p>\n<p>These versatile candle bowls are easy to adapt to the season and occasion. During Christmas, they can be easily filled with juniper and nuts to create a cozy and festive atmosphere, while beautiful stones can be used to create a calm and relaxed feeling during the summer.<\/p>\n<p>Each candle holder is fitted with a candle holder that is perfectly suited for classic chandeliers, adding a warm and inviting glow to your room. With two candle holders in each pack, you can spread light and create an atmosphere of calm and harmony anywhere in your home.<\/p>\n<p>Add a touch of elegance to your home and create an atmosphere of relaxation and well-being with these beautiful candle bowls. A perfect combination of style, durability and functionality to enhance your interior and create memorable moments with family and friends.<\/p>\n<p>Size:~\u00f8 12.3 cm<br \/>Height:~4.3 cm<\/p>","protected":false},"excerpt":{"rendered":"<p>Skapa en st\u00e4mningsfull atmosf\u00e4r i ditt hem med dessa eleganta ljussk\u00e5lar i ett praktiskt 2-pack. Utformade med en tidl\u00f6s svart finish, utstr\u00e5lar dessa ljussk\u00e5lar en stilren enkelhet som passar perfekt f\u00f6r att komplettera vilken inredningsstil som helst. Tillverkade av \u00e5tervunnen pulverlackerad metall, ger dessa ljussk\u00e5lar inte bara en touch av elegans utan ocks\u00e5 en milj\u00f6v\u00e4nlig [&hellip;]<\/p>","protected":false},"featured_media":12634,"comment_status":"open","ping_status":"closed","template":"","meta":{"site-sidebar-layout":"default","site-content-layout":"","ast-site-content-layout":"default","site-content-style":"default","site-sidebar-style":"default","ast-global-header-display":"","ast-banner-title-visibility":"","ast-main-header-display":"","ast-hfb-above-header-display":"","ast-hfb-below-header-display":"","ast-hfb-mobile-header-display":"","site-post-title":"","ast-breadcrumbs-content":"","ast-featured-img":"","footer-sml-layout":"","theme-transparent-header-meta":"","adv-header-id-meta":"","stick-header-meta":"","header-above-stick-meta":"","header-main-stick-meta":"","header-below-stick-meta":"","astra-migrate-meta-layouts":"default","ast-page-background-enabled":"default","ast-page-background-meta":{"desktop":{"background-color":"var(--ast-global-color-4)","background-image":"","background-repeat":"repeat","background-position":"center center","background-size":"auto","background-attachment":"scroll","background-type":"","background-media":"","overlay-type":"","overlay-color":"","overlay-opacity":"","overlay-gradient":""},"tablet":{"background-color":"","background-image":"","background-repeat":"repeat","background-position":"center center","background-size":"auto","background-attachment":"scroll","background-type":"","background-media":"","overlay-type":"","overlay-color":"","overlay-opacity":"","overlay-gradient":""},"mobile":{"background-color":"","background-image":"","background-repeat":"repeat","background-position":"center center","background-size":"auto","background-attachment":"scroll","background-type":"","background-media":"","overlay-type":"","overlay-color":"","overlay-opacity":"","overlay-gradient":""}},"ast-content-background-meta":{"desktop":{"background-color":"var(--ast-global-color-5)","background-image":"","background-repeat":"repeat","background-position":"center center","background-size":"auto","background-attachment":"scroll","background-type":"","background-media":"","overlay-type":"","overlay-color":"","overlay-opacity":"","overlay-gradient":""},"tablet":{"background-color":"var(--ast-global-color-5)","background-image":"","background-repeat":"repeat","background-position":"center center","background-size":"auto","background-attachment":"scroll","background-type":"","background-media":"","overlay-type":"","overlay-color":"","overlay-opacity":"","overlay-gradient":""},"mobile":{"background-color":"var(--ast-global-color-5)","background-image":"","background-repeat":"repeat","background-position":"center center","background-size":"auto","background-attachment":"scroll","background-type":"","background-media":"","overlay-type":"","overlay-color":"","overlay-opacity":"","overlay-gradient":""}}},"product_brand":[],"product_cat":[62,60],"product_tag":[],"class_list":{"0":"post-12635","1":"product","2":"type-product","3":"status-publish","4":"has-post-thumbnail","6":"product_cat-dekorationer","7":"product_cat-presenter","8":"desktop-align-left","9":"tablet-align-left","10":"mobile-align-left","12":"first","13":"outofstock","14":"sale","15":"taxable","16":"shipping-taxable","17":"purchasable","18":"product-type-simple"},"_links":{"self":[{"href":"https:\/\/billigtbling.se\/en\/wp-json\/wp\/v2\/product\/12635","targetHints":{"allow":["GET"]}}],"collection":[{"href":"https:\/\/billigtbling.se\/en\/wp-json\/wp\/v2\/product"}],"about":[{"href":"https:\/\/billigtbling.se\/en\/wp-json\/wp\/v2\/types\/product"}],"replies":[{"embeddable":true,"href":"https:\/\/billigtbling.se\/en\/wp-json\/wp\/v2\/comments?post=12635"}],"wp:featuredmedia":[{"embeddable":true,"href":"https:\/\/billigtbling.se\/en\/wp-json\/wp\/v2\/media\/12634"}],"wp:attachment":[{"href":"https:\/\/billigtbling.se\/en\/wp-json\/wp\/v2\/media?parent=12635"}],"wp:term":[{"taxonomy":"product_brand","embeddable":true,"href":"https:\/\/billigtbling.se\/en\/wp-json\/wp\/v2\/product_brand?post=12635"},{"taxonomy":"product_cat","embeddable":true,"href":"https:\/\/billigtbling.se\/en\/wp-json\/wp\/v2\/product_cat?post=12635"},{"taxonomy":"product_tag","embeddable":true,"href":"https:\/\/billigtbling.se\/en\/wp-json\/wp\/v2\/product_tag?post=12635"}],"curies":[{"name":"wp","href":"https:\/\/api.w.org\/{rel}","templated":true}]}}