{"id":13697,"date":"2024-04-30T16:52:49","date_gmt":"2024-04-30T14:52:49","guid":{"rendered":"https:\/\/billigtbling.se\/produkt\/nyckelband-kung-for-en-dag\/"},"modified":"2026-01-29T01:22:36","modified_gmt":"2026-01-29T00:22:36","slug":"nyckelband-kung-for-en-dag","status":"publish","type":"product","link":"https:\/\/billigtbling.se\/en\/product\/nyckelband-kung-for-en-dag\/","title":{"rendered":"Keychain King for a Day"},"content":{"rendered":"<p>Give yourself the crown and the feeling of being &quot;King for a Day&quot; with this stylish lanyard! With the text King for a Day printed on the durable fabric lanyard, you can let the world know that you are ready to take your place and reign, at least for a day.<\/p>\n<p>The sturdy metal buckle with carabiner ensures that your keys or other belongings are securely attached, while the practical plastic buckle at the bottom of the strap provides extra functionality. It opens smoothly if the strap gets stuck or if you want to hang something extra at the bottom.<\/p>\n<p>Measuring approximately 44-46 cm in length, this lanyard is perfect for wearing around your neck or attaching to your bag for a personal touch and practical use. Give yourself or someone else the royal treatment with this stylish and functional lanyard!<\/p>\n<p>Length of the strap itself is approximately 44-46 cm.<\/p>","protected":false},"excerpt":{"rendered":"<p>Ge dig sj\u00e4lv kronan och k\u00e4nslan av att vara &#8221;Kung f\u00f6r en dag&#8221; med detta stilfulla nyckelband! Med texten Kung f\u00f6r en dag tryckt p\u00e5 det slitstarka tygbandet kan du l\u00e5ta v\u00e4rlden veta att du \u00e4r redo att ta plats och regera, \u00e5tminstone f\u00f6r en dag. Det robusta metallsp\u00e4nnet med karbinhake s\u00e4kerst\u00e4ller att dina nycklar [&hellip;]<\/p>","protected":false},"featured_media":13696,"comment_status":"open","ping_status":"closed","template":"","meta":{"site-sidebar-layout":"default","site-content-layout":"","ast-site-content-layout":"default","site-content-style":"default","site-sidebar-style":"default","ast-global-header-display":"","ast-banner-title-visibility":"","ast-main-header-display":"","ast-hfb-above-header-display":"","ast-hfb-below-header-display":"","ast-hfb-mobile-header-display":"","site-post-title":"","ast-breadcrumbs-content":"","ast-featured-img":"","footer-sml-layout":"","theme-transparent-header-meta":"","adv-header-id-meta":"","stick-header-meta":"","header-above-stick-meta":"","header-main-stick-meta":"","header-below-stick-meta":"","astra-migrate-meta-layouts":"default","ast-page-background-enabled":"default","ast-page-background-meta":{"desktop":{"background-color":"var(--ast-global-color-4)","background-image":"","background-repeat":"repeat","background-position":"center center","background-size":"auto","background-attachment":"scroll","background-type":"","background-media":"","overlay-type":"","overlay-color":"","overlay-opacity":"","overlay-gradient":""},"tablet":{"background-color":"","background-image":"","background-repeat":"repeat","background-position":"center center","background-size":"auto","background-attachment":"scroll","background-type":"","background-media":"","overlay-type":"","overlay-color":"","overlay-opacity":"","overlay-gradient":""},"mobile":{"background-color":"","background-image":"","background-repeat":"repeat","background-position":"center center","background-size":"auto","background-attachment":"scroll","background-type":"","background-media":"","overlay-type":"","overlay-color":"","overlay-opacity":"","overlay-gradient":""}},"ast-content-background-meta":{"desktop":{"background-color":"var(--ast-global-color-5)","background-image":"","background-repeat":"repeat","background-position":"center center","background-size":"auto","background-attachment":"scroll","background-type":"","background-media":"","overlay-type":"","overlay-color":"","overlay-opacity":"","overlay-gradient":""},"tablet":{"background-color":"var(--ast-global-color-5)","background-image":"","background-repeat":"repeat","background-position":"center center","background-size":"auto","background-attachment":"scroll","background-type":"","background-media":"","overlay-type":"","overlay-color":"","overlay-opacity":"","overlay-gradient":""},"mobile":{"background-color":"var(--ast-global-color-5)","background-image":"","background-repeat":"repeat","background-position":"center center","background-size":"auto","background-attachment":"scroll","background-type":"","background-media":"","overlay-type":"","overlay-color":"","overlay-opacity":"","overlay-gradient":""}}},"product_brand":[],"product_cat":[63],"product_tag":[],"class_list":{"0":"post-13697","1":"product","2":"type-product","3":"status-publish","4":"has-post-thumbnail","6":"product_cat-nyckelringar","7":"desktop-align-left","8":"tablet-align-left","9":"mobile-align-left","11":"first","12":"instock","13":"taxable","14":"shipping-taxable","15":"purchasable","16":"product-type-simple"},"_links":{"self":[{"href":"https:\/\/billigtbling.se\/en\/wp-json\/wp\/v2\/product\/13697","targetHints":{"allow":["GET"]}}],"collection":[{"href":"https:\/\/billigtbling.se\/en\/wp-json\/wp\/v2\/product"}],"about":[{"href":"https:\/\/billigtbling.se\/en\/wp-json\/wp\/v2\/types\/product"}],"replies":[{"embeddable":true,"href":"https:\/\/billigtbling.se\/en\/wp-json\/wp\/v2\/comments?post=13697"}],"wp:featuredmedia":[{"embeddable":true,"href":"https:\/\/billigtbling.se\/en\/wp-json\/wp\/v2\/media\/13696"}],"wp:attachment":[{"href":"https:\/\/billigtbling.se\/en\/wp-json\/wp\/v2\/media?parent=13697"}],"wp:term":[{"taxonomy":"product_brand","embeddable":true,"href":"https:\/\/billigtbling.se\/en\/wp-json\/wp\/v2\/product_brand?post=13697"},{"taxonomy":"product_cat","embeddable":true,"href":"https:\/\/billigtbling.se\/en\/wp-json\/wp\/v2\/product_cat?post=13697"},{"taxonomy":"product_tag","embeddable":true,"href":"https:\/\/billigtbling.se\/en\/wp-json\/wp\/v2\/product_tag?post=13697"}],"curies":[{"name":"wp","href":"https:\/\/api.w.org\/{rel}","templated":true}]}}