{"id":13713,"date":"2024-04-30T16:54:00","date_gmt":"2024-04-30T14:54:00","guid":{"rendered":"https:\/\/billigtbling.se\/produkt\/nyckelband-morbror-rosa\/"},"modified":"2025-10-04T18:57:38","modified_gmt":"2025-10-04T16:57:38","slug":"nyckelband-morbror-rosa","status":"publish","type":"product","link":"https:\/\/billigtbling.se\/en\/product\/nyckelband-morbror-rosa\/","title":{"rendered":"Keychain Uncle pink"},"content":{"rendered":"<p>Explore and celebrate your love for the best uncle with this charming lanyard! With the text &quot;World&#039;s Best Uncle&quot; printed on the soft and durable fabric lanyard, this is the perfect gift to show your appreciation for that special person in your life.<\/p>\n<p>The sturdy metal buckle with carabiner ensures security for your keys or other belongings, while the practical plastic buckle at the bottom of the strap offers extra functionality by opening if the strap gets stuck or if you want to hang something extra at the bottom.<\/p>\n<p>Measuring approximately 44-46 cm in length, this lanyard is perfect for wearing around your neck or attaching to your bag for a personal touch and practical use. Give your uncle a gift he will wear with pride and joy every day with this stylish and functional lanyard!<\/p>\n<p>Length of the strap itself is approximately 44-46 cm.<\/p>","protected":false},"excerpt":{"rendered":"<p>Utforska och hylla din k\u00e4rlek till den b\u00e4sta morbrodern med detta charmiga nyckelband! Med texten &#8221;V\u00e4rldens b\u00e4sta morbror&#8221; tryckt p\u00e5 det mjuka och slitstarka tygbandet blir detta en perfekt g\u00e5va f\u00f6r att visa din uppskattning till den speciella personen i ditt liv. Den robusta metallsp\u00e4nnet med karbinhake garanterar s\u00e4kerhet f\u00f6r dina nycklar eller andra tillh\u00f6righeter, [&hellip;]<\/p>","protected":false},"featured_media":13712,"comment_status":"open","ping_status":"closed","template":"","meta":{"site-sidebar-layout":"default","site-content-layout":"","ast-site-content-layout":"default","site-content-style":"default","site-sidebar-style":"default","ast-global-header-display":"","ast-banner-title-visibility":"","ast-main-header-display":"","ast-hfb-above-header-display":"","ast-hfb-below-header-display":"","ast-hfb-mobile-header-display":"","site-post-title":"","ast-breadcrumbs-content":"","ast-featured-img":"","footer-sml-layout":"","theme-transparent-header-meta":"","adv-header-id-meta":"","stick-header-meta":"","header-above-stick-meta":"","header-main-stick-meta":"","header-below-stick-meta":"","astra-migrate-meta-layouts":"default","ast-page-background-enabled":"default","ast-page-background-meta":{"desktop":{"background-color":"var(--ast-global-color-4)","background-image":"","background-repeat":"repeat","background-position":"center center","background-size":"auto","background-attachment":"scroll","background-type":"","background-media":"","overlay-type":"","overlay-color":"","overlay-opacity":"","overlay-gradient":""},"tablet":{"background-color":"","background-image":"","background-repeat":"repeat","background-position":"center center","background-size":"auto","background-attachment":"scroll","background-type":"","background-media":"","overlay-type":"","overlay-color":"","overlay-opacity":"","overlay-gradient":""},"mobile":{"background-color":"","background-image":"","background-repeat":"repeat","background-position":"center center","background-size":"auto","background-attachment":"scroll","background-type":"","background-media":"","overlay-type":"","overlay-color":"","overlay-opacity":"","overlay-gradient":""}},"ast-content-background-meta":{"desktop":{"background-color":"var(--ast-global-color-5)","background-image":"","background-repeat":"repeat","background-position":"center center","background-size":"auto","background-attachment":"scroll","background-type":"","background-media":"","overlay-type":"","overlay-color":"","overlay-opacity":"","overlay-gradient":""},"tablet":{"background-color":"var(--ast-global-color-5)","background-image":"","background-repeat":"repeat","background-position":"center center","background-size":"auto","background-attachment":"scroll","background-type":"","background-media":"","overlay-type":"","overlay-color":"","overlay-opacity":"","overlay-gradient":""},"mobile":{"background-color":"var(--ast-global-color-5)","background-image":"","background-repeat":"repeat","background-position":"center center","background-size":"auto","background-attachment":"scroll","background-type":"","background-media":"","overlay-type":"","overlay-color":"","overlay-opacity":"","overlay-gradient":""}}},"product_brand":[],"product_cat":[63],"product_tag":[],"class_list":{"0":"post-13713","1":"product","2":"type-product","3":"status-publish","4":"has-post-thumbnail","6":"product_cat-nyckelringar","7":"desktop-align-left","8":"tablet-align-left","9":"mobile-align-left","11":"first","12":"instock","13":"taxable","14":"shipping-taxable","15":"purchasable","16":"product-type-simple"},"_links":{"self":[{"href":"https:\/\/billigtbling.se\/en\/wp-json\/wp\/v2\/product\/13713","targetHints":{"allow":["GET"]}}],"collection":[{"href":"https:\/\/billigtbling.se\/en\/wp-json\/wp\/v2\/product"}],"about":[{"href":"https:\/\/billigtbling.se\/en\/wp-json\/wp\/v2\/types\/product"}],"replies":[{"embeddable":true,"href":"https:\/\/billigtbling.se\/en\/wp-json\/wp\/v2\/comments?post=13713"}],"wp:featuredmedia":[{"embeddable":true,"href":"https:\/\/billigtbling.se\/en\/wp-json\/wp\/v2\/media\/13712"}],"wp:attachment":[{"href":"https:\/\/billigtbling.se\/en\/wp-json\/wp\/v2\/media?parent=13713"}],"wp:term":[{"taxonomy":"product_brand","embeddable":true,"href":"https:\/\/billigtbling.se\/en\/wp-json\/wp\/v2\/product_brand?post=13713"},{"taxonomy":"product_cat","embeddable":true,"href":"https:\/\/billigtbling.se\/en\/wp-json\/wp\/v2\/product_cat?post=13713"},{"taxonomy":"product_tag","embeddable":true,"href":"https:\/\/billigtbling.se\/en\/wp-json\/wp\/v2\/product_tag?post=13713"}],"curies":[{"name":"wp","href":"https:\/\/api.w.org\/{rel}","templated":true}]}}