{"id":14151,"date":"2024-07-02T08:57:47","date_gmt":"2024-07-02T06:57:47","guid":{"rendered":"https:\/\/billigtbling.se\/produkt\/spargris-dodskalle-14cm-vit-keramik\/"},"modified":"2025-10-01T15:26:50","modified_gmt":"2025-10-01T13:26:50","slug":"spargris-dodskalle-14cm-vit-keramik","status":"publish","type":"product","link":"https:\/\/billigtbling.se\/en\/product\/spargris-dodskalle-14cm-vit-keramik\/","title":{"rendered":"Piggy bank Skull 14cm white ceramic"},"content":{"rendered":"<p>This unique piggy bank is shaped like a skull and is made of high-quality white ceramic. With its stylish and modern design, it not only functions as a practical piggy bank, but also as a stylish interior detail that can adorn any room.<\/p>\n<p>It is made of durable ceramic that ensures long-lasting use. The unique skull shape makes the piggy bank a conversation piece and eye-catching decoration, while helping you save money. It has a large enough opening for easy insertion and withdrawal of money, and is designed to keep your money safe until you decide to empty it.<\/p>\n<p>Place the piggy bank in a visible place in your home or office to encourage saving. Perfect for both children and adults who want a fun and different piggy bank. To clean the piggy bank, wipe with a soft, damp cloth. Avoid harsh chemicals or abrasive cleaners that can damage the surface.<\/p>\n<p>The white ceramic color makes the piggy bank fit in with most interior styles. This is a great gift idea for all ages, especially for those who appreciate unique and artistic decorations. Buy now and start saving in style!<\/p>\n<p>14cm high<\/p>","protected":false},"excerpt":{"rendered":"<p>Denna unika spargris \u00e4r formad som en d\u00f6dskalle och \u00e4r tillverkad i h\u00f6gkvalitativ vit keramik. Med sin stilrena och moderna design fungerar den inte bara som en praktisk spargris, utan ocks\u00e5 som en snygg inredningsdetalj som kan pryda vilket rum som helst. Den \u00e4r gjord av slitstark keramik som s\u00e4kerst\u00e4ller l\u00e5ngvarig anv\u00e4ndning. Den unika d\u00f6dskalleformen [&hellip;]<\/p>","protected":false},"featured_media":14150,"comment_status":"open","ping_status":"closed","template":"","meta":{"site-sidebar-layout":"default","site-content-layout":"","ast-site-content-layout":"default","site-content-style":"default","site-sidebar-style":"default","ast-global-header-display":"","ast-banner-title-visibility":"","ast-main-header-display":"","ast-hfb-above-header-display":"","ast-hfb-below-header-display":"","ast-hfb-mobile-header-display":"","site-post-title":"","ast-breadcrumbs-content":"","ast-featured-img":"","footer-sml-layout":"","theme-transparent-header-meta":"","adv-header-id-meta":"","stick-header-meta":"","header-above-stick-meta":"","header-main-stick-meta":"","header-below-stick-meta":"","astra-migrate-meta-layouts":"default","ast-page-background-enabled":"default","ast-page-background-meta":{"desktop":{"background-color":"var(--ast-global-color-4)","background-image":"","background-repeat":"repeat","background-position":"center center","background-size":"auto","background-attachment":"scroll","background-type":"","background-media":"","overlay-type":"","overlay-color":"","overlay-opacity":"","overlay-gradient":""},"tablet":{"background-color":"","background-image":"","background-repeat":"repeat","background-position":"center center","background-size":"auto","background-attachment":"scroll","background-type":"","background-media":"","overlay-type":"","overlay-color":"","overlay-opacity":"","overlay-gradient":""},"mobile":{"background-color":"","background-image":"","background-repeat":"repeat","background-position":"center center","background-size":"auto","background-attachment":"scroll","background-type":"","background-media":"","overlay-type":"","overlay-color":"","overlay-opacity":"","overlay-gradient":""}},"ast-content-background-meta":{"desktop":{"background-color":"var(--ast-global-color-5)","background-image":"","background-repeat":"repeat","background-position":"center center","background-size":"auto","background-attachment":"scroll","background-type":"","background-media":"","overlay-type":"","overlay-color":"","overlay-opacity":"","overlay-gradient":""},"tablet":{"background-color":"var(--ast-global-color-5)","background-image":"","background-repeat":"repeat","background-position":"center center","background-size":"auto","background-attachment":"scroll","background-type":"","background-media":"","overlay-type":"","overlay-color":"","overlay-opacity":"","overlay-gradient":""},"mobile":{"background-color":"var(--ast-global-color-5)","background-image":"","background-repeat":"repeat","background-position":"center center","background-size":"auto","background-attachment":"scroll","background-type":"","background-media":"","overlay-type":"","overlay-color":"","overlay-opacity":"","overlay-gradient":""}}},"product_brand":[],"product_cat":[15],"product_tag":[],"class_list":{"0":"post-14151","1":"product","2":"type-product","3":"status-publish","4":"has-post-thumbnail","6":"product_cat-okategoriserad","7":"desktop-align-left","8":"tablet-align-left","9":"mobile-align-left","11":"first","12":"outofstock","13":"sale","14":"taxable","15":"shipping-taxable","16":"purchasable","17":"product-type-simple"},"_links":{"self":[{"href":"https:\/\/billigtbling.se\/en\/wp-json\/wp\/v2\/product\/14151","targetHints":{"allow":["GET"]}}],"collection":[{"href":"https:\/\/billigtbling.se\/en\/wp-json\/wp\/v2\/product"}],"about":[{"href":"https:\/\/billigtbling.se\/en\/wp-json\/wp\/v2\/types\/product"}],"replies":[{"embeddable":true,"href":"https:\/\/billigtbling.se\/en\/wp-json\/wp\/v2\/comments?post=14151"}],"wp:featuredmedia":[{"embeddable":true,"href":"https:\/\/billigtbling.se\/en\/wp-json\/wp\/v2\/media\/14150"}],"wp:attachment":[{"href":"https:\/\/billigtbling.se\/en\/wp-json\/wp\/v2\/media?parent=14151"}],"wp:term":[{"taxonomy":"product_brand","embeddable":true,"href":"https:\/\/billigtbling.se\/en\/wp-json\/wp\/v2\/product_brand?post=14151"},{"taxonomy":"product_cat","embeddable":true,"href":"https:\/\/billigtbling.se\/en\/wp-json\/wp\/v2\/product_cat?post=14151"},{"taxonomy":"product_tag","embeddable":true,"href":"https:\/\/billigtbling.se\/en\/wp-json\/wp\/v2\/product_tag?post=14151"}],"curies":[{"name":"wp","href":"https:\/\/api.w.org\/{rel}","templated":true}]}}