{"id":14313,"date":"2024-07-11T14:48:24","date_gmt":"2024-07-11T12:48:24","guid":{"rendered":"https:\/\/billigtbling.se\/produkt\/magnet-i-tra-sweden-hjarta\/"},"modified":"2025-10-31T22:35:37","modified_gmt":"2025-10-31T21:35:37","slug":"magnet-i-tra-sweden-hjarta","status":"publish","type":"product","link":"https:\/\/billigtbling.se\/en\/product\/magnet-i-tra-sweden-hjarta\/","title":{"rendered":"Wooden magnet \u2013 Sweden heart"},"content":{"rendered":"<p>Wooden fridge magnet made of Swedish wood, designed and engraved in Kalmar. A stylish and durable decoration for your home. Perfect as a souvenir or gift.<\/p>\n<p><strong>Care instructions<\/strong><br \/>To maintain the natural beauty of the wood, we recommend that you avoid exposing the magnet to excessive moisture and extreme temperatures. If necessary, it can be wiped with a soft, damp cloth and then wiped dry.<\/p>\n<p>Width approx. 7 cm<br \/>Height approx. 6 cm<\/p>","protected":false},"excerpt":{"rendered":"<p>Tr\u00e4 kylsk\u00e5psmagnet tillverkad av svenskt tr\u00e4, designad och graverad i Kalmar. En stilfull och h\u00e5llbar dekoration f\u00f6r ditt hem. Perfekt som souvenir eller present. Sk\u00f6tselr\u00e5dF\u00f6r att bibeh\u00e5lla tr\u00e4ets naturliga sk\u00f6nhet rekommenderar vi att du undviker att uts\u00e4tta magneten f\u00f6r \u00f6verdriven fukt och extrema temperaturer. Vid behov kan den torkas av med en mjuk, fuktig trasa [&hellip;]<\/p>","protected":false},"featured_media":14311,"comment_status":"open","ping_status":"closed","template":"","meta":{"site-sidebar-layout":"default","site-content-layout":"","ast-site-content-layout":"default","site-content-style":"default","site-sidebar-style":"default","ast-global-header-display":"","ast-banner-title-visibility":"","ast-main-header-display":"","ast-hfb-above-header-display":"","ast-hfb-below-header-display":"","ast-hfb-mobile-header-display":"","site-post-title":"","ast-breadcrumbs-content":"","ast-featured-img":"","footer-sml-layout":"","theme-transparent-header-meta":"","adv-header-id-meta":"","stick-header-meta":"","header-above-stick-meta":"","header-main-stick-meta":"","header-below-stick-meta":"","astra-migrate-meta-layouts":"default","ast-page-background-enabled":"default","ast-page-background-meta":{"desktop":{"background-color":"var(--ast-global-color-4)","background-image":"","background-repeat":"repeat","background-position":"center center","background-size":"auto","background-attachment":"scroll","background-type":"","background-media":"","overlay-type":"","overlay-color":"","overlay-opacity":"","overlay-gradient":""},"tablet":{"background-color":"","background-image":"","background-repeat":"repeat","background-position":"center center","background-size":"auto","background-attachment":"scroll","background-type":"","background-media":"","overlay-type":"","overlay-color":"","overlay-opacity":"","overlay-gradient":""},"mobile":{"background-color":"","background-image":"","background-repeat":"repeat","background-position":"center center","background-size":"auto","background-attachment":"scroll","background-type":"","background-media":"","overlay-type":"","overlay-color":"","overlay-opacity":"","overlay-gradient":""}},"ast-content-background-meta":{"desktop":{"background-color":"var(--ast-global-color-5)","background-image":"","background-repeat":"repeat","background-position":"center center","background-size":"auto","background-attachment":"scroll","background-type":"","background-media":"","overlay-type":"","overlay-color":"","overlay-opacity":"","overlay-gradient":""},"tablet":{"background-color":"var(--ast-global-color-5)","background-image":"","background-repeat":"repeat","background-position":"center center","background-size":"auto","background-attachment":"scroll","background-type":"","background-media":"","overlay-type":"","overlay-color":"","overlay-opacity":"","overlay-gradient":""},"mobile":{"background-color":"var(--ast-global-color-5)","background-image":"","background-repeat":"repeat","background-position":"center center","background-size":"auto","background-attachment":"scroll","background-type":"","background-media":"","overlay-type":"","overlay-color":"","overlay-opacity":"","overlay-gradient":""}}},"product_brand":[],"product_cat":[60],"product_tag":[],"class_list":{"0":"post-14313","1":"product","2":"type-product","3":"status-publish","4":"has-post-thumbnail","6":"product_cat-presenter","7":"desktop-align-left","8":"tablet-align-left","9":"mobile-align-left","11":"first","12":"instock","13":"sale","14":"taxable","15":"shipping-taxable","16":"purchasable","17":"product-type-simple"},"_links":{"self":[{"href":"https:\/\/billigtbling.se\/en\/wp-json\/wp\/v2\/product\/14313","targetHints":{"allow":["GET"]}}],"collection":[{"href":"https:\/\/billigtbling.se\/en\/wp-json\/wp\/v2\/product"}],"about":[{"href":"https:\/\/billigtbling.se\/en\/wp-json\/wp\/v2\/types\/product"}],"replies":[{"embeddable":true,"href":"https:\/\/billigtbling.se\/en\/wp-json\/wp\/v2\/comments?post=14313"}],"wp:featuredmedia":[{"embeddable":true,"href":"https:\/\/billigtbling.se\/en\/wp-json\/wp\/v2\/media\/14311"}],"wp:attachment":[{"href":"https:\/\/billigtbling.se\/en\/wp-json\/wp\/v2\/media?parent=14313"}],"wp:term":[{"taxonomy":"product_brand","embeddable":true,"href":"https:\/\/billigtbling.se\/en\/wp-json\/wp\/v2\/product_brand?post=14313"},{"taxonomy":"product_cat","embeddable":true,"href":"https:\/\/billigtbling.se\/en\/wp-json\/wp\/v2\/product_cat?post=14313"},{"taxonomy":"product_tag","embeddable":true,"href":"https:\/\/billigtbling.se\/en\/wp-json\/wp\/v2\/product_tag?post=14313"}],"curies":[{"name":"wp","href":"https:\/\/api.w.org\/{rel}","templated":true}]}}