{"id":15617,"date":"2025-01-27T14:54:48","date_gmt":"2025-01-27T13:54:48","guid":{"rendered":"https:\/\/billigtbling.se\/produkt\/trapipa-set\/"},"modified":"2026-04-13T12:39:35","modified_gmt":"2026-04-13T10:39:35","slug":"trapipa-set","status":"publish","type":"product","link":"https:\/\/billigtbling.se\/en\/product\/trapipa-set\/","title":{"rendered":"Wooden pipe set"},"content":{"rendered":"<div>\n<div>Wooden pipe set<br id=\"isPasted\"><strong>NOTE: <\/strong>The color of the lighter varies.<\/p>\n<p>The gift set includes a pipe, gas lighter, pipe tools and stand. The material is available in ecru.<\/p>\n<p>Pipe length ~ 12 cm<\/p><\/div>\n<\/div>","protected":false},"excerpt":{"rendered":"<p>Tr\u00e4pipa setOBS: f\u00e4rg p\u00e5 t\u00e4ndare varierar. Presentsetet inneh\u00e5ller en pipa, gast\u00e4ndare, verktyg f\u00f6r pipa och st\u00e4ll. Materialet finns i ecru. Pipl\u00e4ngd ~ 12 cm<\/p>","protected":false},"featured_media":15615,"comment_status":"open","ping_status":"closed","template":"","meta":{"site-sidebar-layout":"default","site-content-layout":"","ast-site-content-layout":"default","site-content-style":"default","site-sidebar-style":"default","ast-global-header-display":"","ast-banner-title-visibility":"","ast-main-header-display":"","ast-hfb-above-header-display":"","ast-hfb-below-header-display":"","ast-hfb-mobile-header-display":"","site-post-title":"","ast-breadcrumbs-content":"","ast-featured-img":"","footer-sml-layout":"","theme-transparent-header-meta":"","adv-header-id-meta":"","stick-header-meta":"","header-above-stick-meta":"","header-main-stick-meta":"","header-below-stick-meta":"","astra-migrate-meta-layouts":"default","ast-page-background-enabled":"default","ast-page-background-meta":{"desktop":{"background-color":"var(--ast-global-color-4)","background-image":"","background-repeat":"repeat","background-position":"center center","background-size":"auto","background-attachment":"scroll","background-type":"","background-media":"","overlay-type":"","overlay-color":"","overlay-opacity":"","overlay-gradient":""},"tablet":{"background-color":"","background-image":"","background-repeat":"repeat","background-position":"center center","background-size":"auto","background-attachment":"scroll","background-type":"","background-media":"","overlay-type":"","overlay-color":"","overlay-opacity":"","overlay-gradient":""},"mobile":{"background-color":"","background-image":"","background-repeat":"repeat","background-position":"center center","background-size":"auto","background-attachment":"scroll","background-type":"","background-media":"","overlay-type":"","overlay-color":"","overlay-opacity":"","overlay-gradient":""}},"ast-content-background-meta":{"desktop":{"background-color":"var(--ast-global-color-5)","background-image":"","background-repeat":"repeat","background-position":"center center","background-size":"auto","background-attachment":"scroll","background-type":"","background-media":"","overlay-type":"","overlay-color":"","overlay-opacity":"","overlay-gradient":""},"tablet":{"background-color":"var(--ast-global-color-5)","background-image":"","background-repeat":"repeat","background-position":"center center","background-size":"auto","background-attachment":"scroll","background-type":"","background-media":"","overlay-type":"","overlay-color":"","overlay-opacity":"","overlay-gradient":""},"mobile":{"background-color":"var(--ast-global-color-5)","background-image":"","background-repeat":"repeat","background-position":"center center","background-size":"auto","background-attachment":"scroll","background-type":"","background-media":"","overlay-type":"","overlay-color":"","overlay-opacity":"","overlay-gradient":""}}},"product_brand":[],"product_cat":[156],"product_tag":[],"class_list":{"0":"post-15617","1":"product","2":"type-product","3":"status-publish","4":"has-post-thumbnail","6":"product_cat-pipor","7":"desktop-align-left","8":"tablet-align-left","9":"mobile-align-left","11":"first","12":"instock","13":"taxable","14":"shipping-taxable","15":"purchasable","16":"product-type-simple"},"_links":{"self":[{"href":"https:\/\/billigtbling.se\/en\/wp-json\/wp\/v2\/product\/15617","targetHints":{"allow":["GET"]}}],"collection":[{"href":"https:\/\/billigtbling.se\/en\/wp-json\/wp\/v2\/product"}],"about":[{"href":"https:\/\/billigtbling.se\/en\/wp-json\/wp\/v2\/types\/product"}],"replies":[{"embeddable":true,"href":"https:\/\/billigtbling.se\/en\/wp-json\/wp\/v2\/comments?post=15617"}],"wp:featuredmedia":[{"embeddable":true,"href":"https:\/\/billigtbling.se\/en\/wp-json\/wp\/v2\/media\/15615"}],"wp:attachment":[{"href":"https:\/\/billigtbling.se\/en\/wp-json\/wp\/v2\/media?parent=15617"}],"wp:term":[{"taxonomy":"product_brand","embeddable":true,"href":"https:\/\/billigtbling.se\/en\/wp-json\/wp\/v2\/product_brand?post=15617"},{"taxonomy":"product_cat","embeddable":true,"href":"https:\/\/billigtbling.se\/en\/wp-json\/wp\/v2\/product_cat?post=15617"},{"taxonomy":"product_tag","embeddable":true,"href":"https:\/\/billigtbling.se\/en\/wp-json\/wp\/v2\/product_tag?post=15617"}],"curies":[{"name":"wp","href":"https:\/\/api.w.org\/{rel}","templated":true}]}}