{"id":15818,"date":"2025-02-18T08:16:47","date_gmt":"2025-02-18T07:16:47","guid":{"rendered":"https:\/\/billigtbling.se\/produkt\/massage-banan\/"},"modified":"2026-02-23T13:43:34","modified_gmt":"2026-02-23T12:43:34","slug":"massage-banan","status":"publish","type":"product","link":"https:\/\/billigtbling.se\/en\/product\/massage-banan\/","title":{"rendered":"Massage Banana"},"content":{"rendered":"<p>Discover a new dimension of relaxation with our banana-shaped vibrating product!<br \/>With a unique design, it&#039;s the perfect gift for yourself or someone you care about. Its compact size makes it easy to take with you wherever you go, so you can enjoy its refreshing effect anytime, anywhere.<\/p>\n<p>The banana-shaped product is designed to provide relief for stiffness and swelling in the arms, shoulders, legs and the entire body. Using a simple battery-operated vibration function, it can help dissolve tension and bring a sense of relaxation to both body and mind.<\/p>\n<p>Whether you need a quick pick-me-up after a long day or want to have a relaxing moment, our banana-shaped vibrating product is the perfect choice. Give yourself or someone you care about the gift of relaxation and well-being with this innovative product.<\/p>\n<p>The banana measures 17.5 cm and is powered by 2 x AA batteries (not included) which are located under a screwed door on the underside.<br \/>Weight:~150g<\/p>","protected":false},"excerpt":{"rendered":"<p>Uppt\u00e4ck en ny dimension av avslappning med v\u00e5r bananformade vibrationsprodukt!Med en unik design \u00e4r den perfekt som g\u00e5va till dig sj\u00e4lv eller n\u00e5gon du bryr dig om. Dess kompakta storlek g\u00f6r den enkel att ta med vart du \u00e4n g\u00e5r, s\u00e5 att du kan njuta av dess uppfriskande effekt n\u00e4r som helst, var som helst. [&hellip;]<\/p>","protected":false},"featured_media":15814,"comment_status":"open","ping_status":"closed","template":"","meta":{"site-sidebar-layout":"default","site-content-layout":"","ast-site-content-layout":"default","site-content-style":"default","site-sidebar-style":"default","ast-global-header-display":"","ast-banner-title-visibility":"","ast-main-header-display":"","ast-hfb-above-header-display":"","ast-hfb-below-header-display":"","ast-hfb-mobile-header-display":"","site-post-title":"","ast-breadcrumbs-content":"","ast-featured-img":"","footer-sml-layout":"","theme-transparent-header-meta":"","adv-header-id-meta":"","stick-header-meta":"","header-above-stick-meta":"","header-main-stick-meta":"","header-below-stick-meta":"","astra-migrate-meta-layouts":"default","ast-page-background-enabled":"default","ast-page-background-meta":{"desktop":{"background-color":"var(--ast-global-color-4)","background-image":"","background-repeat":"repeat","background-position":"center center","background-size":"auto","background-attachment":"scroll","background-type":"","background-media":"","overlay-type":"","overlay-color":"","overlay-opacity":"","overlay-gradient":""},"tablet":{"background-color":"","background-image":"","background-repeat":"repeat","background-position":"center center","background-size":"auto","background-attachment":"scroll","background-type":"","background-media":"","overlay-type":"","overlay-color":"","overlay-opacity":"","overlay-gradient":""},"mobile":{"background-color":"","background-image":"","background-repeat":"repeat","background-position":"center center","background-size":"auto","background-attachment":"scroll","background-type":"","background-media":"","overlay-type":"","overlay-color":"","overlay-opacity":"","overlay-gradient":""}},"ast-content-background-meta":{"desktop":{"background-color":"var(--ast-global-color-5)","background-image":"","background-repeat":"repeat","background-position":"center center","background-size":"auto","background-attachment":"scroll","background-type":"","background-media":"","overlay-type":"","overlay-color":"","overlay-opacity":"","overlay-gradient":""},"tablet":{"background-color":"var(--ast-global-color-5)","background-image":"","background-repeat":"repeat","background-position":"center center","background-size":"auto","background-attachment":"scroll","background-type":"","background-media":"","overlay-type":"","overlay-color":"","overlay-opacity":"","overlay-gradient":""},"mobile":{"background-color":"var(--ast-global-color-5)","background-image":"","background-repeat":"repeat","background-position":"center center","background-size":"auto","background-attachment":"scroll","background-type":"","background-media":"","overlay-type":"","overlay-color":"","overlay-opacity":"","overlay-gradient":""}}},"product_brand":[],"product_cat":[62,60],"product_tag":[],"class_list":{"0":"post-15818","1":"product","2":"type-product","3":"status-publish","4":"has-post-thumbnail","6":"product_cat-dekorationer","7":"product_cat-presenter","8":"desktop-align-left","9":"tablet-align-left","10":"mobile-align-left","12":"first","13":"instock","14":"sale","15":"taxable","16":"shipping-taxable","17":"purchasable","18":"product-type-simple"},"_links":{"self":[{"href":"https:\/\/billigtbling.se\/en\/wp-json\/wp\/v2\/product\/15818","targetHints":{"allow":["GET"]}}],"collection":[{"href":"https:\/\/billigtbling.se\/en\/wp-json\/wp\/v2\/product"}],"about":[{"href":"https:\/\/billigtbling.se\/en\/wp-json\/wp\/v2\/types\/product"}],"replies":[{"embeddable":true,"href":"https:\/\/billigtbling.se\/en\/wp-json\/wp\/v2\/comments?post=15818"}],"wp:featuredmedia":[{"embeddable":true,"href":"https:\/\/billigtbling.se\/en\/wp-json\/wp\/v2\/media\/15814"}],"wp:attachment":[{"href":"https:\/\/billigtbling.se\/en\/wp-json\/wp\/v2\/media?parent=15818"}],"wp:term":[{"taxonomy":"product_brand","embeddable":true,"href":"https:\/\/billigtbling.se\/en\/wp-json\/wp\/v2\/product_brand?post=15818"},{"taxonomy":"product_cat","embeddable":true,"href":"https:\/\/billigtbling.se\/en\/wp-json\/wp\/v2\/product_cat?post=15818"},{"taxonomy":"product_tag","embeddable":true,"href":"https:\/\/billigtbling.se\/en\/wp-json\/wp\/v2\/product_tag?post=15818"}],"curies":[{"name":"wp","href":"https:\/\/api.w.org\/{rel}","templated":true}]}}