{"id":16060,"date":"2025-08-17T18:54:08","date_gmt":"2025-08-17T16:54:08","guid":{"rendered":"https:\/\/billigtbling.se\/produkt\/my-stuff-axelvaska\/"},"modified":"2025-10-04T19:51:12","modified_gmt":"2025-10-04T17:51:12","slug":"my-stuff-axelvaska","status":"publish","type":"product","link":"https:\/\/billigtbling.se\/en\/product\/my-stuff-axelvaska\/","title":{"rendered":"My stuff axelv\u00e4ska"},"content":{"rendered":"<div>Uppt\u00e4ck v\u00e5r stilrena axelv\u00e4ska f\u00f6r herr, perfekt f\u00f6r den moderna mannen i farten. Denna m\u00e5ngsidiga v\u00e4ska \u00e4r designad f\u00f6r att rymma b\u00e5de dator och surfplatta, samt andra n\u00f6dv\u00e4ndigheter du beh\u00f6ver ha med dig under dagen. V\u00e4skan har en rymlig design som erbjuder gott om plats f\u00f6r allt du beh\u00f6ver. Dess eleganta och moderna utseende g\u00f6r den idealisk f\u00f6r b\u00e5de arbete och fritid. P\u00e5 utsidan pryds v\u00e4skan av texten &#8221;My Stuff&#8221;. Med ett utseende som en f\u00f6rst\u00e4rkare. Denna axelv\u00e4ska kombinerar funktionalitet med stil och \u00e4r den perfekta f\u00f6ljeslagaren f\u00f6r varje dag.<br id=\"isPasted\"><br \/>Bredd: ~42cm<br \/>H\u00f6jd: ~31cm<br \/>Djup: ~12cm<\/div>","protected":false},"excerpt":{"rendered":"<p>Uppt\u00e4ck v\u00e5r stilrena axelv\u00e4ska f\u00f6r herr, perfekt f\u00f6r den moderna mannen i farten. Denna m\u00e5ngsidiga v\u00e4ska \u00e4r designad f\u00f6r att rymma b\u00e5de dator och surfplatta, samt andra n\u00f6dv\u00e4ndigheter du beh\u00f6ver ha med dig under dagen. V\u00e4skan har en rymlig design som erbjuder gott om plats f\u00f6r allt du beh\u00f6ver. Dess eleganta och moderna utseende g\u00f6r [&hellip;]<\/p>","protected":false},"featured_media":16058,"comment_status":"open","ping_status":"closed","template":"","meta":{"site-sidebar-layout":"default","site-content-layout":"","ast-site-content-layout":"default","site-content-style":"default","site-sidebar-style":"default","ast-global-header-display":"","ast-banner-title-visibility":"","ast-main-header-display":"","ast-hfb-above-header-display":"","ast-hfb-below-header-display":"","ast-hfb-mobile-header-display":"","site-post-title":"","ast-breadcrumbs-content":"","ast-featured-img":"","footer-sml-layout":"","theme-transparent-header-meta":"","adv-header-id-meta":"","stick-header-meta":"","header-above-stick-meta":"","header-main-stick-meta":"","header-below-stick-meta":"","astra-migrate-meta-layouts":"default","ast-page-background-enabled":"default","ast-page-background-meta":{"desktop":{"background-color":"var(--ast-global-color-4)","background-image":"","background-repeat":"repeat","background-position":"center center","background-size":"auto","background-attachment":"scroll","background-type":"","background-media":"","overlay-type":"","overlay-color":"","overlay-opacity":"","overlay-gradient":""},"tablet":{"background-color":"","background-image":"","background-repeat":"repeat","background-position":"center center","background-size":"auto","background-attachment":"scroll","background-type":"","background-media":"","overlay-type":"","overlay-color":"","overlay-opacity":"","overlay-gradient":""},"mobile":{"background-color":"","background-image":"","background-repeat":"repeat","background-position":"center center","background-size":"auto","background-attachment":"scroll","background-type":"","background-media":"","overlay-type":"","overlay-color":"","overlay-opacity":"","overlay-gradient":""}},"ast-content-background-meta":{"desktop":{"background-color":"var(--ast-global-color-5)","background-image":"","background-repeat":"repeat","background-position":"center center","background-size":"auto","background-attachment":"scroll","background-type":"","background-media":"","overlay-type":"","overlay-color":"","overlay-opacity":"","overlay-gradient":""},"tablet":{"background-color":"var(--ast-global-color-5)","background-image":"","background-repeat":"repeat","background-position":"center center","background-size":"auto","background-attachment":"scroll","background-type":"","background-media":"","overlay-type":"","overlay-color":"","overlay-opacity":"","overlay-gradient":""},"mobile":{"background-color":"var(--ast-global-color-5)","background-image":"","background-repeat":"repeat","background-position":"center center","background-size":"auto","background-attachment":"scroll","background-type":"","background-media":"","overlay-type":"","overlay-color":"","overlay-opacity":"","overlay-gradient":""}}},"product_brand":[],"product_cat":[60],"product_tag":[],"class_list":{"0":"post-16060","1":"product","2":"type-product","3":"status-publish","4":"has-post-thumbnail","6":"product_cat-presenter","7":"desktop-align-left","8":"tablet-align-left","9":"mobile-align-left","11":"first","12":"instock","13":"sale","14":"taxable","15":"shipping-taxable","16":"purchasable","17":"product-type-simple"},"_links":{"self":[{"href":"https:\/\/billigtbling.se\/en\/wp-json\/wp\/v2\/product\/16060","targetHints":{"allow":["GET"]}}],"collection":[{"href":"https:\/\/billigtbling.se\/en\/wp-json\/wp\/v2\/product"}],"about":[{"href":"https:\/\/billigtbling.se\/en\/wp-json\/wp\/v2\/types\/product"}],"replies":[{"embeddable":true,"href":"https:\/\/billigtbling.se\/en\/wp-json\/wp\/v2\/comments?post=16060"}],"wp:featuredmedia":[{"embeddable":true,"href":"https:\/\/billigtbling.se\/en\/wp-json\/wp\/v2\/media\/16058"}],"wp:attachment":[{"href":"https:\/\/billigtbling.se\/en\/wp-json\/wp\/v2\/media?parent=16060"}],"wp:term":[{"taxonomy":"product_brand","embeddable":true,"href":"https:\/\/billigtbling.se\/en\/wp-json\/wp\/v2\/product_brand?post=16060"},{"taxonomy":"product_cat","embeddable":true,"href":"https:\/\/billigtbling.se\/en\/wp-json\/wp\/v2\/product_cat?post=16060"},{"taxonomy":"product_tag","embeddable":true,"href":"https:\/\/billigtbling.se\/en\/wp-json\/wp\/v2\/product_tag?post=16060"}],"curies":[{"name":"wp","href":"https:\/\/api.w.org\/{rel}","templated":true}]}}