{"id":16133,"date":"2025-09-19T08:26:39","date_gmt":"2025-09-19T06:26:39","guid":{"rendered":"https:\/\/billigtbling.se\/produkt\/aroma-diffuser-i-tra-mini\/"},"modified":"2025-10-23T14:59:35","modified_gmt":"2025-10-23T12:59:35","slug":"aroma-diffuser-i-tra-mini","status":"publish","type":"product","link":"https:\/\/billigtbling.se\/en\/product\/aroma-diffuser-i-tra-mini\/","title":{"rendered":"Aroma diffuser i tr\u00e4 , mini"},"content":{"rendered":"<div>\n<div>\n<div>\n<div>\n<p><strong>Doft &amp; aromaterapi via mist &#8211; Frisk inomhusluft &#8211; Rofylld &amp; harmoniskt<br \/><\/strong><br \/>V\u00e5r Aroma Diffuser skapar en behaglig inomhusluft.. Ta n\u00e5gra droppar doftolja eller eterisk olja, rulla runt kulan.<\/p>\n<p>&nbsp;Du kan variera doft och k\u00e4nsla efter s\u00e4song, rum och hum\u00f6r.<\/p>\n<p>&nbsp;En vacker inredningsdetalj.&nbsp;<\/p>\n<p><span>Denna lilla vackra och dekorativa mini Aroma Diffuser skapar en fridfull och v\u00e4ldoftande mist.<\/span><\/p>\n<p><span>Anv\u00e4nd &nbsp;1-3 droppar &nbsp;doftolja eller eterisk olja, du kan variera doft och k\u00e4nsla efter s\u00e4song, rum och hum\u00f6r.&nbsp;<\/span><\/p>\n<p><span><br \/>M\u00e5tt:<\/span><\/p>\n<p><span>&nbsp;Basen \u00e4r 4,5 cm i diameter&nbsp;<\/span><\/p>\n<p><span>&nbsp;kulan 2,5 cm i diameter<\/span><\/p>\n<p><\/p>\n<ul>\n<li><\/li>\n<\/ul>\n<p><\/p>\n<\/div>\n<\/div>\n<\/div>\n<\/div>","protected":false},"excerpt":{"rendered":"<p>Doft &amp; aromaterapi via mist &#8211; Frisk inomhusluft &#8211; Rofylld &amp; harmonisktV\u00e5r Aroma Diffuser skapar en behaglig inomhusluft.. Ta n\u00e5gra droppar doftolja eller eterisk olja, rulla runt kulan. &nbsp;Du kan variera doft och k\u00e4nsla efter s\u00e4song, rum och hum\u00f6r. &nbsp;En vacker inredningsdetalj.&nbsp; Denna lilla vackra och dekorativa mini Aroma Diffuser skapar en fridfull och v\u00e4ldoftande [&hellip;]<\/p>","protected":false},"featured_media":16270,"comment_status":"open","ping_status":"closed","template":"","meta":{"site-sidebar-layout":"default","site-content-layout":"","ast-site-content-layout":"default","site-content-style":"default","site-sidebar-style":"default","ast-global-header-display":"","ast-banner-title-visibility":"","ast-main-header-display":"","ast-hfb-above-header-display":"","ast-hfb-below-header-display":"","ast-hfb-mobile-header-display":"","site-post-title":"","ast-breadcrumbs-content":"","ast-featured-img":"","footer-sml-layout":"","theme-transparent-header-meta":"","adv-header-id-meta":"","stick-header-meta":"","header-above-stick-meta":"","header-main-stick-meta":"","header-below-stick-meta":"","astra-migrate-meta-layouts":"default","ast-page-background-enabled":"default","ast-page-background-meta":{"desktop":{"background-color":"var(--ast-global-color-4)","background-image":"","background-repeat":"repeat","background-position":"center center","background-size":"auto","background-attachment":"scroll","background-type":"","background-media":"","overlay-type":"","overlay-color":"","overlay-opacity":"","overlay-gradient":""},"tablet":{"background-color":"","background-image":"","background-repeat":"repeat","background-position":"center center","background-size":"auto","background-attachment":"scroll","background-type":"","background-media":"","overlay-type":"","overlay-color":"","overlay-opacity":"","overlay-gradient":""},"mobile":{"background-color":"","background-image":"","background-repeat":"repeat","background-position":"center center","background-size":"auto","background-attachment":"scroll","background-type":"","background-media":"","overlay-type":"","overlay-color":"","overlay-opacity":"","overlay-gradient":""}},"ast-content-background-meta":{"desktop":{"background-color":"var(--ast-global-color-5)","background-image":"","background-repeat":"repeat","background-position":"center center","background-size":"auto","background-attachment":"scroll","background-type":"","background-media":"","overlay-type":"","overlay-color":"","overlay-opacity":"","overlay-gradient":""},"tablet":{"background-color":"var(--ast-global-color-5)","background-image":"","background-repeat":"repeat","background-position":"center center","background-size":"auto","background-attachment":"scroll","background-type":"","background-media":"","overlay-type":"","overlay-color":"","overlay-opacity":"","overlay-gradient":""},"mobile":{"background-color":"var(--ast-global-color-5)","background-image":"","background-repeat":"repeat","background-position":"center center","background-size":"auto","background-attachment":"scroll","background-type":"","background-media":"","overlay-type":"","overlay-color":"","overlay-opacity":"","overlay-gradient":""}}},"product_brand":[],"product_cat":[60],"product_tag":[],"class_list":{"0":"post-16133","1":"product","2":"type-product","3":"status-publish","4":"has-post-thumbnail","6":"product_cat-presenter","7":"desktop-align-left","8":"tablet-align-left","9":"mobile-align-left","11":"first","12":"instock","13":"sale","14":"taxable","15":"shipping-taxable","16":"purchasable","17":"product-type-simple"},"_links":{"self":[{"href":"https:\/\/billigtbling.se\/en\/wp-json\/wp\/v2\/product\/16133","targetHints":{"allow":["GET"]}}],"collection":[{"href":"https:\/\/billigtbling.se\/en\/wp-json\/wp\/v2\/product"}],"about":[{"href":"https:\/\/billigtbling.se\/en\/wp-json\/wp\/v2\/types\/product"}],"replies":[{"embeddable":true,"href":"https:\/\/billigtbling.se\/en\/wp-json\/wp\/v2\/comments?post=16133"}],"wp:featuredmedia":[{"embeddable":true,"href":"https:\/\/billigtbling.se\/en\/wp-json\/wp\/v2\/media\/16270"}],"wp:attachment":[{"href":"https:\/\/billigtbling.se\/en\/wp-json\/wp\/v2\/media?parent=16133"}],"wp:term":[{"taxonomy":"product_brand","embeddable":true,"href":"https:\/\/billigtbling.se\/en\/wp-json\/wp\/v2\/product_brand?post=16133"},{"taxonomy":"product_cat","embeddable":true,"href":"https:\/\/billigtbling.se\/en\/wp-json\/wp\/v2\/product_cat?post=16133"},{"taxonomy":"product_tag","embeddable":true,"href":"https:\/\/billigtbling.se\/en\/wp-json\/wp\/v2\/product_tag?post=16133"}],"curies":[{"name":"wp","href":"https:\/\/api.w.org\/{rel}","templated":true}]}}