{"id":16203,"date":"2025-10-09T11:05:47","date_gmt":"2025-10-09T09:05:47","guid":{"rendered":"https:\/\/billigtbling.se\/produkt\/smala-rosa-ljus\/"},"modified":"2026-03-05T13:47:33","modified_gmt":"2026-03-05T12:47:33","slug":"smala-rosa-ljus","status":"publish","type":"product","link":"https:\/\/billigtbling.se\/en\/product\/smala-rosa-ljus\/","title":{"rendered":"Smala rosa ljus"},"content":{"rendered":"<p>Smala rosa ljus med tv\u00e5 glasljustakar i en presentf\u00f6rpackning.<\/p>\n<p>Varf\u00f6r inte \u00f6verraska n\u00e5gon du bryr dig om med detta eleganta set? Inneh\u00e5llet best\u00e5r av \u00e5tta smala rosa ljus och tv\u00e5 glasljustakar, perfekt f\u00f6r att f\u00f6rgylla hemmet med en varm atmosf\u00e4r. Alternativt kan du sk\u00e4mma bort dig sj\u00e4lv med denna vackra g\u00e5va. Varje ljus \u00e4r cirka 19 cm l\u00e5ngt.<\/p>","protected":false},"excerpt":{"rendered":"<p>Hitta de b\u00e4sta smala rosa ljusen f\u00f6r att skapa en mysig atmosf\u00e4r &#8211; Kolla in v\u00e5rt sortiment av h\u00f6gkvalitativa smala rosa ljus f\u00f6r att skapa en st\u00e4mningsfull och avkopplande atmosf\u00e4r i ditt hem. V\u00e5ra smala rosa ljus \u00e4r perfekta f\u00f6r olika tillf\u00e4llen och hj\u00e4lper dig att skapa en unik och personlig inredning. Utforska v\u00e5rt sortiment idag och hitta de perfekta smala rosa ljusen f\u00f6r ditt hem.<\/p>","protected":false},"featured_media":16200,"comment_status":"open","ping_status":"closed","template":"","meta":{"site-sidebar-layout":"default","site-content-layout":"","ast-site-content-layout":"default","site-content-style":"default","site-sidebar-style":"default","ast-global-header-display":"","ast-banner-title-visibility":"","ast-main-header-display":"","ast-hfb-above-header-display":"","ast-hfb-below-header-display":"","ast-hfb-mobile-header-display":"","site-post-title":"","ast-breadcrumbs-content":"","ast-featured-img":"","footer-sml-layout":"","theme-transparent-header-meta":"","adv-header-id-meta":"","stick-header-meta":"","header-above-stick-meta":"","header-main-stick-meta":"","header-below-stick-meta":"","astra-migrate-meta-layouts":"default","ast-page-background-enabled":"default","ast-page-background-meta":{"desktop":{"background-color":"var(--ast-global-color-4)","background-image":"","background-repeat":"repeat","background-position":"center center","background-size":"auto","background-attachment":"scroll","background-type":"","background-media":"","overlay-type":"","overlay-color":"","overlay-opacity":"","overlay-gradient":""},"tablet":{"background-color":"","background-image":"","background-repeat":"repeat","background-position":"center center","background-size":"auto","background-attachment":"scroll","background-type":"","background-media":"","overlay-type":"","overlay-color":"","overlay-opacity":"","overlay-gradient":""},"mobile":{"background-color":"","background-image":"","background-repeat":"repeat","background-position":"center center","background-size":"auto","background-attachment":"scroll","background-type":"","background-media":"","overlay-type":"","overlay-color":"","overlay-opacity":"","overlay-gradient":""}},"ast-content-background-meta":{"desktop":{"background-color":"var(--ast-global-color-5)","background-image":"","background-repeat":"repeat","background-position":"center center","background-size":"auto","background-attachment":"scroll","background-type":"","background-media":"","overlay-type":"","overlay-color":"","overlay-opacity":"","overlay-gradient":""},"tablet":{"background-color":"var(--ast-global-color-5)","background-image":"","background-repeat":"repeat","background-position":"center center","background-size":"auto","background-attachment":"scroll","background-type":"","background-media":"","overlay-type":"","overlay-color":"","overlay-opacity":"","overlay-gradient":""},"mobile":{"background-color":"var(--ast-global-color-5)","background-image":"","background-repeat":"repeat","background-position":"center center","background-size":"auto","background-attachment":"scroll","background-type":"","background-media":"","overlay-type":"","overlay-color":"","overlay-opacity":"","overlay-gradient":""}}},"product_brand":[],"product_cat":[428],"product_tag":[],"class_list":{"0":"post-16203","1":"product","2":"type-product","3":"status-publish","4":"has-post-thumbnail","6":"product_cat-fyndhorna","7":"desktop-align-left","8":"tablet-align-left","9":"mobile-align-left","11":"first","12":"outofstock","13":"sale","14":"taxable","15":"shipping-taxable","16":"purchasable","17":"product-type-simple"},"_links":{"self":[{"href":"https:\/\/billigtbling.se\/en\/wp-json\/wp\/v2\/product\/16203","targetHints":{"allow":["GET"]}}],"collection":[{"href":"https:\/\/billigtbling.se\/en\/wp-json\/wp\/v2\/product"}],"about":[{"href":"https:\/\/billigtbling.se\/en\/wp-json\/wp\/v2\/types\/product"}],"replies":[{"embeddable":true,"href":"https:\/\/billigtbling.se\/en\/wp-json\/wp\/v2\/comments?post=16203"}],"wp:featuredmedia":[{"embeddable":true,"href":"https:\/\/billigtbling.se\/en\/wp-json\/wp\/v2\/media\/16200"}],"wp:attachment":[{"href":"https:\/\/billigtbling.se\/en\/wp-json\/wp\/v2\/media?parent=16203"}],"wp:term":[{"taxonomy":"product_brand","embeddable":true,"href":"https:\/\/billigtbling.se\/en\/wp-json\/wp\/v2\/product_brand?post=16203"},{"taxonomy":"product_cat","embeddable":true,"href":"https:\/\/billigtbling.se\/en\/wp-json\/wp\/v2\/product_cat?post=16203"},{"taxonomy":"product_tag","embeddable":true,"href":"https:\/\/billigtbling.se\/en\/wp-json\/wp\/v2\/product_tag?post=16203"}],"curies":[{"name":"wp","href":"https:\/\/api.w.org\/{rel}","templated":true}]}}