{"id":16233,"date":"2025-10-09T11:06:54","date_gmt":"2025-10-09T09:06:54","guid":{"rendered":"https:\/\/billigtbling.se\/produkt\/vristskydd-magnetiskt\/"},"modified":"2026-03-05T13:40:36","modified_gmt":"2026-03-05T12:40:36","slug":"vristskydd-magnetiskt","status":"publish","type":"product","link":"https:\/\/billigtbling.se\/en\/product\/vristskydd-magnetiskt\/","title":{"rendered":"Vristskydd &#8211; Magnetiskt"},"content":{"rendered":"<p><strong>Ett smidigt skydd f\u00f6r din ankel!<\/strong><br \/>Ankelskyddet ger st\u00f6d, v\u00e4rme och \u00f6kad blodcirkulation. Ett ankelst\u00f6d som \u00e4r smidigt att b\u00e4ra \u00e4ven under strumpor och i det flesta skor. Vristst\u00f6det \u00e4r toppen under l\u00e4kningstiden om du t.ex. har vrickat din fot.\u00a0<\/p>\n<p>Tillverkat av h\u00f6gkvalitativ neopren med magneter och t\u00e4ckt med stretchnylon p\u00e5 b\u00e5da sidorna f\u00f6r komprimering och v\u00e4rmeisolering, som bidrar till att f\u00f6rb\u00e4ttra blodcirkulationen. <br \/>Kombinationen av v\u00e4rme och st\u00f6d ger en terapeutisk behandling till muskler som sm\u00e4rtar eller \u00e4r skadade. Den justerbara kardborrbandet f\u00f6rs\u00e4krar bekv\u00e4m passform och stabilisering av vristskyddet. Neopren \u00e4r ett t\u00f6jbart, flexibelt och bekv\u00e4mt material som h\u00e5ller v\u00e4rmen inne, men l\u00e5ter fukt (svett) komma ut. Befriar muskelsp\u00e4nningar och tr\u00f6tthet genom \u00f6kad blodcirkulation.<\/p>","protected":false},"excerpt":{"rendered":"<p>K\u00f6p magnetiska vristskydd f\u00f6r \u00f6kad komfort och skydd. V\u00e5ra vristskydd \u00e4r tillverkade med h\u00f6gkvalitativa material och har en magnetisk funktion som fr\u00e4mjar blodcirkulationen och minskar sm\u00e4rta. Best\u00e4ll dina magnetiska vristskydd idag f\u00f6r att f\u00f6rb\u00e4ttra din tr\u00e4ning och f\u00f6rebygga skador.<\/p>","protected":false},"featured_media":16230,"comment_status":"open","ping_status":"closed","template":"","meta":{"site-sidebar-layout":"default","site-content-layout":"","ast-site-content-layout":"default","site-content-style":"default","site-sidebar-style":"default","ast-global-header-display":"","ast-banner-title-visibility":"","ast-main-header-display":"","ast-hfb-above-header-display":"","ast-hfb-below-header-display":"","ast-hfb-mobile-header-display":"","site-post-title":"","ast-breadcrumbs-content":"","ast-featured-img":"","footer-sml-layout":"","theme-transparent-header-meta":"","adv-header-id-meta":"","stick-header-meta":"","header-above-stick-meta":"","header-main-stick-meta":"","header-below-stick-meta":"","astra-migrate-meta-layouts":"default","ast-page-background-enabled":"default","ast-page-background-meta":{"desktop":{"background-color":"var(--ast-global-color-4)","background-image":"","background-repeat":"repeat","background-position":"center center","background-size":"auto","background-attachment":"scroll","background-type":"","background-media":"","overlay-type":"","overlay-color":"","overlay-opacity":"","overlay-gradient":""},"tablet":{"background-color":"","background-image":"","background-repeat":"repeat","background-position":"center center","background-size":"auto","background-attachment":"scroll","background-type":"","background-media":"","overlay-type":"","overlay-color":"","overlay-opacity":"","overlay-gradient":""},"mobile":{"background-color":"","background-image":"","background-repeat":"repeat","background-position":"center center","background-size":"auto","background-attachment":"scroll","background-type":"","background-media":"","overlay-type":"","overlay-color":"","overlay-opacity":"","overlay-gradient":""}},"ast-content-background-meta":{"desktop":{"background-color":"var(--ast-global-color-5)","background-image":"","background-repeat":"repeat","background-position":"center center","background-size":"auto","background-attachment":"scroll","background-type":"","background-media":"","overlay-type":"","overlay-color":"","overlay-opacity":"","overlay-gradient":""},"tablet":{"background-color":"var(--ast-global-color-5)","background-image":"","background-repeat":"repeat","background-position":"center center","background-size":"auto","background-attachment":"scroll","background-type":"","background-media":"","overlay-type":"","overlay-color":"","overlay-opacity":"","overlay-gradient":""},"mobile":{"background-color":"var(--ast-global-color-5)","background-image":"","background-repeat":"repeat","background-position":"center center","background-size":"auto","background-attachment":"scroll","background-type":"","background-media":"","overlay-type":"","overlay-color":"","overlay-opacity":"","overlay-gradient":""}}},"product_brand":[],"product_cat":[428],"product_tag":[],"class_list":{"0":"post-16233","1":"product","2":"type-product","3":"status-publish","4":"has-post-thumbnail","6":"product_cat-fyndhorna","7":"desktop-align-left","8":"tablet-align-left","9":"mobile-align-left","11":"first","12":"outofstock","13":"sale","14":"taxable","15":"shipping-taxable","16":"purchasable","17":"product-type-simple"},"_links":{"self":[{"href":"https:\/\/billigtbling.se\/en\/wp-json\/wp\/v2\/product\/16233","targetHints":{"allow":["GET"]}}],"collection":[{"href":"https:\/\/billigtbling.se\/en\/wp-json\/wp\/v2\/product"}],"about":[{"href":"https:\/\/billigtbling.se\/en\/wp-json\/wp\/v2\/types\/product"}],"replies":[{"embeddable":true,"href":"https:\/\/billigtbling.se\/en\/wp-json\/wp\/v2\/comments?post=16233"}],"wp:featuredmedia":[{"embeddable":true,"href":"https:\/\/billigtbling.se\/en\/wp-json\/wp\/v2\/media\/16230"}],"wp:attachment":[{"href":"https:\/\/billigtbling.se\/en\/wp-json\/wp\/v2\/media?parent=16233"}],"wp:term":[{"taxonomy":"product_brand","embeddable":true,"href":"https:\/\/billigtbling.se\/en\/wp-json\/wp\/v2\/product_brand?post=16233"},{"taxonomy":"product_cat","embeddable":true,"href":"https:\/\/billigtbling.se\/en\/wp-json\/wp\/v2\/product_cat?post=16233"},{"taxonomy":"product_tag","embeddable":true,"href":"https:\/\/billigtbling.se\/en\/wp-json\/wp\/v2\/product_tag?post=16233"}],"curies":[{"name":"wp","href":"https:\/\/api.w.org\/{rel}","templated":true}]}}