{"id":16311,"date":"2026-04-15T17:18:57","date_gmt":"2026-04-15T15:18:57","guid":{"rendered":"https:\/\/billigtbling.se\/produkt\/flugsmalla-i-hardox-nu-ar-fardiglekt-for-allt-flygande-ovasen\/"},"modified":"2026-04-15T18:08:45","modified_gmt":"2026-04-15T16:08:45","slug":"flugsmalla-i-hardox-nu-ar-fardiglekt-for-allt-flygande-ovasen","status":"publish","type":"product","link":"https:\/\/billigtbling.se\/en\/product\/flugsmalla-i-hardox-nu-ar-fardiglekt-for-allt-flygande-ovasen\/","title":{"rendered":"Flugsm\u00e4lla i Hardox &#8211; Nu \u00e4r f\u00e4rdiglekt f\u00f6r allt flygande ov\u00e4sen"},"content":{"rendered":"<p>Flugsm\u00e4lla i 8 mm HARDOX 450 St\u00e5l<\/p>\n<\/p>\n<p>\u00c4r den d\u00f6d? Fick jag den? Ja, den \u00e4r d\u00f6d, du fick den och vad som \u00e4n var bakom den \u00e4r nu ocks\u00e5 inte mer.<\/p>\n<\/p>\n<p>Vanliga flugsm\u00e4llor \u00e4r f\u00f6r mesar. Den h\u00e4r \u00e4r utskuren ur <strong>riktigt Hardox-st\u00e5l<\/strong> \u2013 samma st\u00e5l som man g\u00f6r gr\u00e4vskoppor till gruvtruckar som k\u00f6r stenar st\u00f6rre \u00e4n din minivan med.<\/p>\n<p>Vi g\u00f6r denna i 3-10 mm tjockt st\u00e5l &#8211; beroende p\u00e5 hur mycket eller lite du bryr dig om h\u00e5let i din pl\u00e5nbok och h\u00e5len i v\u00e4ggen denna tvekl\u00f6st orsakar.<\/p>\n<\/p>\n<p>Den h\u00e4r skiten v\u00e4ger som en hammare fr\u00e5n helvetet och ser ut som om den \u00e4r gjord f\u00f6r att sl\u00e5 ihj\u00e4l muterade flugor p\u00e5 domedagen.<\/p>\n<p><strong>Extra bonus:<\/strong> H\u00e5len \u00e4r s\u00e5 pass stora att <strong>all ohyra mindre \u00e4n en medelstor pingvin<\/strong> kan flyga rakt igenom dem. Det g\u00f6r inget. F\u00f6r det som inte flyger igenom \u2013 det <strong>krossas<\/strong>.<\/p>\n<\/p>\n<p>Den h\u00e4r flugsm\u00e4llan har ingen praktisk funktion alls. Den \u00e4r ren, ren \u00f6verdrift. Och det \u00e4r fan s\u00e5 mycket b\u00e4ttre.<\/p>\n<p>Perfekt n\u00e4r du:<\/p>\n<ul>\n<li>Vill skr\u00e4mma skiten ur b\u00e5de flugor och eventuella bes\u00f6kare<\/li>\n<li>Beh\u00f6ver en accessoar som matchar din personlighet<\/li>\n<li>Letar efter den ultimata grejen att vifta med n\u00e4r n\u00e5gon s\u00e4ger &quot;det \u00e4r bara en fluga&quot;<\/li>\n<li>Vill ha n\u00e5got som f\u00e5r folk att skratta h\u00f6gt och samtidigt backa lite&#8230;<\/li>\n<li>Mer moms \u00e4n p\u00e5 mat, s\u00e5 du st\u00f6djer tveksamt och l\u00f6st motiverade kulturprojekt \u00f6ver hela landet s\u00e5 du borde tekniskt sett kunna dra av det som v\u00e4lg\u00f6renhet.<\/li>\n<\/ul>\n<p>I avsaknad av godk\u00e4nnande fr\u00e5n diverse djurr\u00e4ttsorganisationer s\u00e5 kan exporter till norge vara problematiska&#8230; Ni vet varf\u00f6r&#8230; med det sagt \u00e4r vi \u00f6ppna f\u00f6r byten mot diverse produkter av s\u00e4lskinn.<\/p>\n<\/p>\n<p><strong>Specifikationer (f\u00f6r att det \u00e4r kul att l\u00e5tsas vara seri\u00f6s):<\/strong><\/p>\n<ul>\n<li>Material: Hardox 450<\/li>\n<li>Tjocklek: 3\u201310 mm (observera att bilden \u00e4r representativ p\u00e5 8mm )<\/li>\n<li>Vikt: &quot;Lagom tung&quot; till &quot;herregud vad fan \u00e4r det h\u00e4r&quot; &#8211; runt 2-2,5 kg vid 8mm<\/li>\n<li>L\u00e4ngd: +60 cm<\/li>\n<li>H\u00e5lstorlek: Ja. Det \u00e4r h\u00e5l i den. H\u00e5l mindre \u00e4n en medelstor pingvin kan komma igenom.<\/li>\n<\/ul>\n<p><strong>Varning:<\/strong> En g\u00e5ng du har slagit med den h\u00e4r kommer du aldrig mer kunna anv\u00e4nda en vanlig flugsm\u00e4lla utan att k\u00e4nna dig lite t\u00f6ntig.<\/p>\n<p><strong>Flugsm\u00e4lla i st\u00e5l.<\/strong> F\u00f6r dig som tycker vanliga flugor f\u00f6rtj\u00e4nar en <strong>industriell l\u00f6sning<\/strong>.<\/p>\n<\/p>\n<p>Disclaimer. Nej, du kan inte anv\u00e4nda denna f\u00f6r att sl\u00e5 ihj\u00e4l flugor p\u00e5 n\u00e5got praktiskt f\u00f6rsvarbart s\u00e4tt. Ja, den kan g\u00e5 s\u00f6nder om du k\u00f6r \u00f6ver den med en stridsvagn eller anstr\u00e4nger dig tillr\u00e4ckligt mycket. Detta \u00e4r en pur novelty &#8211; och bara f\u00f6r att.<\/p>","protected":false},"excerpt":{"rendered":"<p>Flugsm\u00e4lla i 8 mm HARDOX 450 St\u00e5l \u00c4r den d\u00f6d? Fick jag den? Ja, den \u00e4r d\u00f6d, du fick den och vad som \u00e4n var bakom den \u00e4r nu ocks\u00e5 inte mer. Vanliga flugsm\u00e4llor \u00e4r f\u00f6r mesar. Den h\u00e4r \u00e4r utskuren ur riktigt Hardox-st\u00e5l \u2013 samma st\u00e5l som man g\u00f6r gr\u00e4vskoppor till gruvtruckar som k\u00f6r [&hellip;]<\/p>","protected":false},"featured_media":16306,"comment_status":"open","ping_status":"closed","template":"","meta":{"site-sidebar-layout":"default","site-content-layout":"","ast-site-content-layout":"default","site-content-style":"default","site-sidebar-style":"default","ast-global-header-display":"","ast-banner-title-visibility":"","ast-main-header-display":"","ast-hfb-above-header-display":"","ast-hfb-below-header-display":"","ast-hfb-mobile-header-display":"","site-post-title":"","ast-breadcrumbs-content":"","ast-featured-img":"","footer-sml-layout":"","theme-transparent-header-meta":"","adv-header-id-meta":"","stick-header-meta":"","header-above-stick-meta":"","header-main-stick-meta":"","header-below-stick-meta":"","astra-migrate-meta-layouts":"default","ast-page-background-enabled":"default","ast-page-background-meta":{"desktop":{"background-color":"var(--ast-global-color-4)","background-image":"","background-repeat":"repeat","background-position":"center center","background-size":"auto","background-attachment":"scroll","background-type":"","background-media":"","overlay-type":"","overlay-color":"","overlay-opacity":"","overlay-gradient":""},"tablet":{"background-color":"","background-image":"","background-repeat":"repeat","background-position":"center center","background-size":"auto","background-attachment":"scroll","background-type":"","background-media":"","overlay-type":"","overlay-color":"","overlay-opacity":"","overlay-gradient":""},"mobile":{"background-color":"","background-image":"","background-repeat":"repeat","background-position":"center center","background-size":"auto","background-attachment":"scroll","background-type":"","background-media":"","overlay-type":"","overlay-color":"","overlay-opacity":"","overlay-gradient":""}},"ast-content-background-meta":{"desktop":{"background-color":"var(--ast-global-color-5)","background-image":"","background-repeat":"repeat","background-position":"center center","background-size":"auto","background-attachment":"scroll","background-type":"","background-media":"","overlay-type":"","overlay-color":"","overlay-opacity":"","overlay-gradient":""},"tablet":{"background-color":"var(--ast-global-color-5)","background-image":"","background-repeat":"repeat","background-position":"center center","background-size":"auto","background-attachment":"scroll","background-type":"","background-media":"","overlay-type":"","overlay-color":"","overlay-opacity":"","overlay-gradient":""},"mobile":{"background-color":"var(--ast-global-color-5)","background-image":"","background-repeat":"repeat","background-position":"center center","background-size":"auto","background-attachment":"scroll","background-type":"","background-media":"","overlay-type":"","overlay-color":"","overlay-opacity":"","overlay-gradient":""}}},"product_brand":[],"product_cat":[60],"product_tag":[],"class_list":{"0":"post-16311","1":"product","2":"type-product","3":"status-publish","4":"has-post-thumbnail","6":"product_cat-presenter","7":"desktop-align-left","8":"tablet-align-left","9":"mobile-align-left","11":"first","12":"instock","13":"taxable","14":"shipping-taxable","15":"purchasable","16":"product-type-variable"},"_links":{"self":[{"href":"https:\/\/billigtbling.se\/en\/wp-json\/wp\/v2\/product\/16311","targetHints":{"allow":["GET"]}}],"collection":[{"href":"https:\/\/billigtbling.se\/en\/wp-json\/wp\/v2\/product"}],"about":[{"href":"https:\/\/billigtbling.se\/en\/wp-json\/wp\/v2\/types\/product"}],"replies":[{"embeddable":true,"href":"https:\/\/billigtbling.se\/en\/wp-json\/wp\/v2\/comments?post=16311"}],"wp:featuredmedia":[{"embeddable":true,"href":"https:\/\/billigtbling.se\/en\/wp-json\/wp\/v2\/media\/16306"}],"wp:attachment":[{"href":"https:\/\/billigtbling.se\/en\/wp-json\/wp\/v2\/media?parent=16311"}],"wp:term":[{"taxonomy":"product_brand","embeddable":true,"href":"https:\/\/billigtbling.se\/en\/wp-json\/wp\/v2\/product_brand?post=16311"},{"taxonomy":"product_cat","embeddable":true,"href":"https:\/\/billigtbling.se\/en\/wp-json\/wp\/v2\/product_cat?post=16311"},{"taxonomy":"product_tag","embeddable":true,"href":"https:\/\/billigtbling.se\/en\/wp-json\/wp\/v2\/product_tag?post=16311"}],"curies":[{"name":"wp","href":"https:\/\/api.w.org\/{rel}","templated":true}]}}