{"id":2427,"date":"2022-09-10T16:27:25","date_gmt":"2022-09-10T14:27:25","guid":{"rendered":"https:\/\/billigtbling.se\/produkt\/sanrenmu-nyckelring-med-lyckonummer-8\/"},"modified":"2025-07-28T10:38:40","modified_gmt":"2025-07-28T08:38:40","slug":"sanrenmu-nyckelring-med-lyckonummer-8","status":"publish","type":"product","link":"https:\/\/billigtbling.se\/en\/product\/sanrenmu-nyckelring-med-lyckonummer-8\/","title":{"rendered":"SanRenMu \u2013 Keychain with lucky number 8"},"content":{"rendered":"<p>SanRenMu \u2013 Keychain series with lucky numbers<\/p>\n<p>&quot;The pronunciation of the number eight is similar to the word for &quot;success&quot; or &quot;wealth&quot;. Eight is probably the most popular lucky number and is used very frequently in China. Proof of this is the Olympics in China which started on 2008-08-08 at 08:00&quot;<\/p>\n<p>Stylish and elegant bottle opener \/ key ring holder with carabiner<\/p>\n<p>Comes in a nice gift box including a keychain.<\/p>","protected":false},"excerpt":{"rendered":"<p>SanRenMu &#8211; Nyckelrings-serie med lyckonummer &#8221;Siffran \u00e5ttas uttal liknar ordet f\u00f6r \u201dframg\u00e5ng\u201d eller \u201drikedom\u201d . \u00c5tta \u00e4r nog det mest popul\u00e4ra lyckonumret och anv\u00e4nds mycket flitigt i Kina. Ett bevis p\u00e5 detta \u00e4r OS i kina som startade 2008-08-08 kl 08.00&#8221; Stilren och snygg flask\u00f6ppnare \/ nyckelringsh\u00e5llare med karbinhake Kommer i fin presentf\u00f6rpackning inklusive nyckelring.<\/p>","protected":false},"featured_media":2423,"comment_status":"open","ping_status":"closed","template":"","meta":{"site-sidebar-layout":"default","site-content-layout":"","ast-site-content-layout":"default","site-content-style":"default","site-sidebar-style":"default","ast-global-header-display":"","ast-banner-title-visibility":"","ast-main-header-display":"","ast-hfb-above-header-display":"","ast-hfb-below-header-display":"","ast-hfb-mobile-header-display":"","site-post-title":"","ast-breadcrumbs-content":"","ast-featured-img":"","footer-sml-layout":"","theme-transparent-header-meta":"","adv-header-id-meta":"","stick-header-meta":"","header-above-stick-meta":"","header-main-stick-meta":"","header-below-stick-meta":"","astra-migrate-meta-layouts":"default","ast-page-background-enabled":"default","ast-page-background-meta":{"desktop":{"background-color":"var(--ast-global-color-4)","background-image":"","background-repeat":"repeat","background-position":"center center","background-size":"auto","background-attachment":"scroll","background-type":"","background-media":"","overlay-type":"","overlay-color":"","overlay-opacity":"","overlay-gradient":""},"tablet":{"background-color":"","background-image":"","background-repeat":"repeat","background-position":"center center","background-size":"auto","background-attachment":"scroll","background-type":"","background-media":"","overlay-type":"","overlay-color":"","overlay-opacity":"","overlay-gradient":""},"mobile":{"background-color":"","background-image":"","background-repeat":"repeat","background-position":"center center","background-size":"auto","background-attachment":"scroll","background-type":"","background-media":"","overlay-type":"","overlay-color":"","overlay-opacity":"","overlay-gradient":""}},"ast-content-background-meta":{"desktop":{"background-color":"var(--ast-global-color-5)","background-image":"","background-repeat":"repeat","background-position":"center center","background-size":"auto","background-attachment":"scroll","background-type":"","background-media":"","overlay-type":"","overlay-color":"","overlay-opacity":"","overlay-gradient":""},"tablet":{"background-color":"var(--ast-global-color-5)","background-image":"","background-repeat":"repeat","background-position":"center center","background-size":"auto","background-attachment":"scroll","background-type":"","background-media":"","overlay-type":"","overlay-color":"","overlay-opacity":"","overlay-gradient":""},"mobile":{"background-color":"var(--ast-global-color-5)","background-image":"","background-repeat":"repeat","background-position":"center center","background-size":"auto","background-attachment":"scroll","background-type":"","background-media":"","overlay-type":"","overlay-color":"","overlay-opacity":"","overlay-gradient":""}}},"product_brand":[],"product_cat":[63],"product_tag":[],"class_list":{"0":"post-2427","1":"product","2":"type-product","3":"status-publish","4":"has-post-thumbnail","6":"product_cat-nyckelringar","7":"desktop-align-left","8":"tablet-align-left","9":"mobile-align-left","11":"first","12":"outofstock","13":"sale","14":"taxable","15":"shipping-taxable","16":"purchasable","17":"product-type-simple"},"_links":{"self":[{"href":"https:\/\/billigtbling.se\/en\/wp-json\/wp\/v2\/product\/2427","targetHints":{"allow":["GET"]}}],"collection":[{"href":"https:\/\/billigtbling.se\/en\/wp-json\/wp\/v2\/product"}],"about":[{"href":"https:\/\/billigtbling.se\/en\/wp-json\/wp\/v2\/types\/product"}],"replies":[{"embeddable":true,"href":"https:\/\/billigtbling.se\/en\/wp-json\/wp\/v2\/comments?post=2427"}],"wp:featuredmedia":[{"embeddable":true,"href":"https:\/\/billigtbling.se\/en\/wp-json\/wp\/v2\/media\/2423"}],"wp:attachment":[{"href":"https:\/\/billigtbling.se\/en\/wp-json\/wp\/v2\/media?parent=2427"}],"wp:term":[{"taxonomy":"product_brand","embeddable":true,"href":"https:\/\/billigtbling.se\/en\/wp-json\/wp\/v2\/product_brand?post=2427"},{"taxonomy":"product_cat","embeddable":true,"href":"https:\/\/billigtbling.se\/en\/wp-json\/wp\/v2\/product_cat?post=2427"},{"taxonomy":"product_tag","embeddable":true,"href":"https:\/\/billigtbling.se\/en\/wp-json\/wp\/v2\/product_tag?post=2427"}],"curies":[{"name":"wp","href":"https:\/\/api.w.org\/{rel}","templated":true}]}}