{"id":2814,"date":"2022-09-22T15:40:27","date_gmt":"2022-09-22T13:40:27","guid":{"rendered":"https:\/\/billigtbling.se\/produkt\/hel-ryggtavla-tillfallig-tatuering-48-x-34cm-kung\/"},"modified":"2025-11-13T16:12:38","modified_gmt":"2025-11-13T15:12:38","slug":"hel-ryggtavla-tillfallig-tatuering-48-x-34cm-kung","status":"publish","type":"product","link":"https:\/\/billigtbling.se\/en\/product\/hel-ryggtavla-tillfallig-tatuering-48-x-34cm-kung\/","title":{"rendered":"FULL BACK BOARD! Temporary Tattoo 48 x 34cm \u2013 king"},"content":{"rendered":"<p>High quality temporary tattoo<\/p>\n<p>NOTE! Check the dimensions! These are extremely large temporary tattoos \u2013 This is the \u201crubber\u201d everyone dreamed of as a child!<br \/>NOTE: Expensive shipping\/handling<br \/>According to picture and measurements in product name.<br \/>All our tattoos are of high quality and of course tested non-toxic and free of harmful substances.<\/p>\n<p>Instructions for good results:<br \/>1) Choose a good spot on the body that is not exposed to a lot of wear and tear (e.g. legs, arms, chest and back). Areas like hands and fingers are exposed to more wear and tear and the tattoo will not last as long.<br \/>2) Clean the surface thoroughly (scrub thoroughly with soap and dry thoroughly)<br \/>3) Cut out the selected tattoo<br \/>4) Remove the plastic film and place gently against the skin, avoiding creases.<br \/>5) Moisten the top with, for example, a damp sponge.<br \/>6) Wait 30-60 seconds.<br \/>7) Carefully remove the plastic from the tattoo.<\/p>\n<p>Unwanted tattoos are best removed with either oil or alcohol.<\/p>","protected":false},"excerpt":{"rendered":"<p>Tillf\u00e4llig tatuering av h\u00f6g kvalitet OBS! Kolla m\u00e5tten! Detta \u00e4r extremt stora tillf\u00e4lliga tatueringar &#8211; Detta \u00e4r den &#8221;gnuggis&#8221; alla dr\u00f6mde om som barn!OBS! Dyr frakt\/hanteringEnligt bild och m\u00e5tt i produktnamn.Alla v\u00e5ra tatueringar \u00e4r av h\u00f6g kvalitet och givetvis testade giftfria och fria fr\u00e5n skadliga \u00e4mnen. Instruktioner f\u00f6r bra resultat:1) V\u00e4lj en bra plats p\u00e5 [&hellip;]<\/p>","protected":false},"featured_media":2813,"comment_status":"open","ping_status":"closed","template":"","meta":{"site-sidebar-layout":"default","site-content-layout":"","ast-site-content-layout":"default","site-content-style":"default","site-sidebar-style":"default","ast-global-header-display":"","ast-banner-title-visibility":"","ast-main-header-display":"","ast-hfb-above-header-display":"","ast-hfb-below-header-display":"","ast-hfb-mobile-header-display":"","site-post-title":"","ast-breadcrumbs-content":"","ast-featured-img":"","footer-sml-layout":"","theme-transparent-header-meta":"","adv-header-id-meta":"","stick-header-meta":"","header-above-stick-meta":"","header-main-stick-meta":"","header-below-stick-meta":"","astra-migrate-meta-layouts":"default","ast-page-background-enabled":"default","ast-page-background-meta":{"desktop":{"background-color":"var(--ast-global-color-4)","background-image":"","background-repeat":"repeat","background-position":"center center","background-size":"auto","background-attachment":"scroll","background-type":"","background-media":"","overlay-type":"","overlay-color":"","overlay-opacity":"","overlay-gradient":""},"tablet":{"background-color":"","background-image":"","background-repeat":"repeat","background-position":"center center","background-size":"auto","background-attachment":"scroll","background-type":"","background-media":"","overlay-type":"","overlay-color":"","overlay-opacity":"","overlay-gradient":""},"mobile":{"background-color":"","background-image":"","background-repeat":"repeat","background-position":"center center","background-size":"auto","background-attachment":"scroll","background-type":"","background-media":"","overlay-type":"","overlay-color":"","overlay-opacity":"","overlay-gradient":""}},"ast-content-background-meta":{"desktop":{"background-color":"var(--ast-global-color-5)","background-image":"","background-repeat":"repeat","background-position":"center center","background-size":"auto","background-attachment":"scroll","background-type":"","background-media":"","overlay-type":"","overlay-color":"","overlay-opacity":"","overlay-gradient":""},"tablet":{"background-color":"var(--ast-global-color-5)","background-image":"","background-repeat":"repeat","background-position":"center center","background-size":"auto","background-attachment":"scroll","background-type":"","background-media":"","overlay-type":"","overlay-color":"","overlay-opacity":"","overlay-gradient":""},"mobile":{"background-color":"var(--ast-global-color-5)","background-image":"","background-repeat":"repeat","background-position":"center center","background-size":"auto","background-attachment":"scroll","background-type":"","background-media":"","overlay-type":"","overlay-color":"","overlay-opacity":"","overlay-gradient":""}}},"product_brand":[],"product_cat":[64],"product_tag":[],"class_list":{"0":"post-2814","1":"product","2":"type-product","3":"status-publish","4":"has-post-thumbnail","6":"product_cat-ryggtavlor","7":"desktop-align-left","8":"tablet-align-left","9":"mobile-align-left","11":"first","12":"instock","13":"sale","14":"taxable","15":"shipping-taxable","16":"purchasable","17":"product-type-simple"},"_links":{"self":[{"href":"https:\/\/billigtbling.se\/en\/wp-json\/wp\/v2\/product\/2814","targetHints":{"allow":["GET"]}}],"collection":[{"href":"https:\/\/billigtbling.se\/en\/wp-json\/wp\/v2\/product"}],"about":[{"href":"https:\/\/billigtbling.se\/en\/wp-json\/wp\/v2\/types\/product"}],"replies":[{"embeddable":true,"href":"https:\/\/billigtbling.se\/en\/wp-json\/wp\/v2\/comments?post=2814"}],"wp:featuredmedia":[{"embeddable":true,"href":"https:\/\/billigtbling.se\/en\/wp-json\/wp\/v2\/media\/2813"}],"wp:attachment":[{"href":"https:\/\/billigtbling.se\/en\/wp-json\/wp\/v2\/media?parent=2814"}],"wp:term":[{"taxonomy":"product_brand","embeddable":true,"href":"https:\/\/billigtbling.se\/en\/wp-json\/wp\/v2\/product_brand?post=2814"},{"taxonomy":"product_cat","embeddable":true,"href":"https:\/\/billigtbling.se\/en\/wp-json\/wp\/v2\/product_cat?post=2814"},{"taxonomy":"product_tag","embeddable":true,"href":"https:\/\/billigtbling.se\/en\/wp-json\/wp\/v2\/product_tag?post=2814"}],"curies":[{"name":"wp","href":"https:\/\/api.w.org\/{rel}","templated":true}]}}