{"id":2876,"date":"2022-09-22T15:41:05","date_gmt":"2022-09-22T13:41:05","guid":{"rendered":"https:\/\/billigtbling.se\/produkt\/obs-storlek-46-x-17-cm-tatuering-cool-wolfs\/"},"modified":"2025-11-13T16:10:44","modified_gmt":"2025-11-13T15:10:44","slug":"obs-storlek-46-x-17-cm-tatuering-cool-wolfs","status":"publish","type":"product","link":"https:\/\/billigtbling.se\/en\/product\/obs-storlek-46-x-17-cm-tatuering-cool-wolfs\/","title":{"rendered":"NOTE SIZE \u2013 46 x 17 CM \u2013 Tattoo \u2013 cool wolfs"},"content":{"rendered":"<p>High quality temporary tattoo: NOTE \u2013 Huge size!<\/p>\n<p>According to picture and measurements in product name.<br \/>All our tattoos are of high quality and of course tested non-toxic and free of harmful substances.<\/p>\n<p>Instructions for good results:<br \/>1) Choose a good spot on the body that is not exposed to a lot of wear and tear (e.g. legs, arms, chest and back). Areas like hands and fingers are exposed to more wear and tear and the tattoo will not last as long.<br \/>2) Clean the surface thoroughly (scrub thoroughly with soap and dry thoroughly)<br \/>3) Cut out the selected tattoo<br \/>4) Remove the plastic film and place gently against the skin, avoiding creases.<br \/>5) Moisten the top with, for example, a damp sponge.<br \/>6) Wait 30-60 seconds.<br \/>7) Carefully remove the plastic from the tattoo.<\/p>\n<p>Unwanted tattoos are best removed with either oil or alcohol.<\/p>","protected":false},"excerpt":{"rendered":"<p>Tillf\u00e4llig tatuering av h\u00f6g kvalitet: OBS &#8211; Enorm storlek! Enligt bild och m\u00e5tt i produktnamn.Alla v\u00e5ra tatueringar \u00e4r av h\u00f6g kvalitet och givetvis testade giftfria och fria fr\u00e5n skadliga \u00e4mnen. Instruktioner f\u00f6r bra resultat:1) V\u00e4lj en bra plats p\u00e5 kroppen som inte uts\u00e4tts f\u00f6r mycket slitage (ex. ben, armar, br\u00f6st och rygg) omr\u00e5den som h\u00e4nder [&hellip;]<\/p>","protected":false},"featured_media":2875,"comment_status":"open","ping_status":"closed","template":"","meta":{"site-sidebar-layout":"default","site-content-layout":"","ast-site-content-layout":"default","site-content-style":"default","site-sidebar-style":"default","ast-global-header-display":"","ast-banner-title-visibility":"","ast-main-header-display":"","ast-hfb-above-header-display":"","ast-hfb-below-header-display":"","ast-hfb-mobile-header-display":"","site-post-title":"","ast-breadcrumbs-content":"","ast-featured-img":"","footer-sml-layout":"","theme-transparent-header-meta":"","adv-header-id-meta":"","stick-header-meta":"","header-above-stick-meta":"","header-main-stick-meta":"","header-below-stick-meta":"","astra-migrate-meta-layouts":"default","ast-page-background-enabled":"default","ast-page-background-meta":{"desktop":{"background-color":"var(--ast-global-color-4)","background-image":"","background-repeat":"repeat","background-position":"center center","background-size":"auto","background-attachment":"scroll","background-type":"","background-media":"","overlay-type":"","overlay-color":"","overlay-opacity":"","overlay-gradient":""},"tablet":{"background-color":"","background-image":"","background-repeat":"repeat","background-position":"center center","background-size":"auto","background-attachment":"scroll","background-type":"","background-media":"","overlay-type":"","overlay-color":"","overlay-opacity":"","overlay-gradient":""},"mobile":{"background-color":"","background-image":"","background-repeat":"repeat","background-position":"center center","background-size":"auto","background-attachment":"scroll","background-type":"","background-media":"","overlay-type":"","overlay-color":"","overlay-opacity":"","overlay-gradient":""}},"ast-content-background-meta":{"desktop":{"background-color":"var(--ast-global-color-5)","background-image":"","background-repeat":"repeat","background-position":"center center","background-size":"auto","background-attachment":"scroll","background-type":"","background-media":"","overlay-type":"","overlay-color":"","overlay-opacity":"","overlay-gradient":""},"tablet":{"background-color":"var(--ast-global-color-5)","background-image":"","background-repeat":"repeat","background-position":"center center","background-size":"auto","background-attachment":"scroll","background-type":"","background-media":"","overlay-type":"","overlay-color":"","overlay-opacity":"","overlay-gradient":""},"mobile":{"background-color":"var(--ast-global-color-5)","background-image":"","background-repeat":"repeat","background-position":"center center","background-size":"auto","background-attachment":"scroll","background-type":"","background-media":"","overlay-type":"","overlay-color":"","overlay-opacity":"","overlay-gradient":""}}},"product_brand":[],"product_cat":[65],"product_tag":[],"class_list":{"0":"post-2876","1":"product","2":"type-product","3":"status-publish","4":"has-post-thumbnail","6":"product_cat-sleeves","7":"desktop-align-left","8":"tablet-align-left","9":"mobile-align-left","11":"first","12":"instock","13":"sale","14":"taxable","15":"shipping-taxable","16":"purchasable","17":"product-type-simple"},"_links":{"self":[{"href":"https:\/\/billigtbling.se\/en\/wp-json\/wp\/v2\/product\/2876","targetHints":{"allow":["GET"]}}],"collection":[{"href":"https:\/\/billigtbling.se\/en\/wp-json\/wp\/v2\/product"}],"about":[{"href":"https:\/\/billigtbling.se\/en\/wp-json\/wp\/v2\/types\/product"}],"replies":[{"embeddable":true,"href":"https:\/\/billigtbling.se\/en\/wp-json\/wp\/v2\/comments?post=2876"}],"wp:featuredmedia":[{"embeddable":true,"href":"https:\/\/billigtbling.se\/en\/wp-json\/wp\/v2\/media\/2875"}],"wp:attachment":[{"href":"https:\/\/billigtbling.se\/en\/wp-json\/wp\/v2\/media?parent=2876"}],"wp:term":[{"taxonomy":"product_brand","embeddable":true,"href":"https:\/\/billigtbling.se\/en\/wp-json\/wp\/v2\/product_brand?post=2876"},{"taxonomy":"product_cat","embeddable":true,"href":"https:\/\/billigtbling.se\/en\/wp-json\/wp\/v2\/product_cat?post=2876"},{"taxonomy":"product_tag","embeddable":true,"href":"https:\/\/billigtbling.se\/en\/wp-json\/wp\/v2\/product_tag?post=2876"}],"curies":[{"name":"wp","href":"https:\/\/api.w.org\/{rel}","templated":true}]}}