{"id":5325,"date":"2022-10-18T15:42:44","date_gmt":"2022-10-18T13:42:44","guid":{"rendered":"https:\/\/billigtbling.se\/produkt\/piptandare-3\/"},"modified":"2026-03-15T20:06:38","modified_gmt":"2026-03-15T19:06:38","slug":"piptandare-3","status":"publish","type":"product","link":"https:\/\/billigtbling.se\/en\/product\/piptandare-3\/","title":{"rendered":"Pipe lighter"},"content":{"rendered":"<p>Tobacco pipe lighter with curved flame.<br \/>It has built-in accessories that are useful for using the tobacco pipe.<br \/>Includes a refillable gas valve and adjustable flame height. Packaged in a gift box.<br \/>Length 7.5 cm<br \/>Width 3.5 cm<\/p>","protected":false},"excerpt":{"rendered":"<p>Tobakspipt\u00e4ndare med b\u00f6jd l\u00e5ga.Den har inbyggda tillbeh\u00f6r som \u00e4r anv\u00e4ndbara f\u00f6r att anv\u00e4nda tobakspipan.Inkluderar en p\u00e5fyllningsbar gasventil och justerbar flamh\u00f6jd. F\u00f6rpackad i presentf\u00f6rpackning.L\u00e4ngd 7,5 cmBredd 3,5 cm<\/p>","protected":false},"featured_media":5343,"comment_status":"open","ping_status":"closed","template":"","meta":{"site-sidebar-layout":"default","site-content-layout":"","ast-site-content-layout":"default","site-content-style":"default","site-sidebar-style":"default","ast-global-header-display":"","ast-banner-title-visibility":"","ast-main-header-display":"","ast-hfb-above-header-display":"","ast-hfb-below-header-display":"","ast-hfb-mobile-header-display":"","site-post-title":"","ast-breadcrumbs-content":"","ast-featured-img":"","footer-sml-layout":"","theme-transparent-header-meta":"","adv-header-id-meta":"","stick-header-meta":"","header-above-stick-meta":"","header-main-stick-meta":"","header-below-stick-meta":"","astra-migrate-meta-layouts":"default","ast-page-background-enabled":"default","ast-page-background-meta":{"desktop":{"background-color":"var(--ast-global-color-4)","background-image":"","background-repeat":"repeat","background-position":"center center","background-size":"auto","background-attachment":"scroll","background-type":"","background-media":"","overlay-type":"","overlay-color":"","overlay-opacity":"","overlay-gradient":""},"tablet":{"background-color":"","background-image":"","background-repeat":"repeat","background-position":"center center","background-size":"auto","background-attachment":"scroll","background-type":"","background-media":"","overlay-type":"","overlay-color":"","overlay-opacity":"","overlay-gradient":""},"mobile":{"background-color":"","background-image":"","background-repeat":"repeat","background-position":"center center","background-size":"auto","background-attachment":"scroll","background-type":"","background-media":"","overlay-type":"","overlay-color":"","overlay-opacity":"","overlay-gradient":""}},"ast-content-background-meta":{"desktop":{"background-color":"var(--ast-global-color-5)","background-image":"","background-repeat":"repeat","background-position":"center center","background-size":"auto","background-attachment":"scroll","background-type":"","background-media":"","overlay-type":"","overlay-color":"","overlay-opacity":"","overlay-gradient":""},"tablet":{"background-color":"var(--ast-global-color-5)","background-image":"","background-repeat":"repeat","background-position":"center center","background-size":"auto","background-attachment":"scroll","background-type":"","background-media":"","overlay-type":"","overlay-color":"","overlay-opacity":"","overlay-gradient":""},"mobile":{"background-color":"var(--ast-global-color-5)","background-image":"","background-repeat":"repeat","background-position":"center center","background-size":"auto","background-attachment":"scroll","background-type":"","background-media":"","overlay-type":"","overlay-color":"","overlay-opacity":"","overlay-gradient":""}}},"product_brand":[],"product_cat":[131],"product_tag":[],"class_list":{"0":"post-5325","1":"product","2":"type-product","3":"status-publish","4":"has-post-thumbnail","6":"product_cat-bensintandare","7":"desktop-align-left","8":"tablet-align-left","9":"mobile-align-left","11":"first","12":"outofstock","13":"sale","14":"taxable","15":"shipping-taxable","16":"purchasable","17":"product-type-variable"},"_links":{"self":[{"href":"https:\/\/billigtbling.se\/en\/wp-json\/wp\/v2\/product\/5325","targetHints":{"allow":["GET"]}}],"collection":[{"href":"https:\/\/billigtbling.se\/en\/wp-json\/wp\/v2\/product"}],"about":[{"href":"https:\/\/billigtbling.se\/en\/wp-json\/wp\/v2\/types\/product"}],"replies":[{"embeddable":true,"href":"https:\/\/billigtbling.se\/en\/wp-json\/wp\/v2\/comments?post=5325"}],"wp:featuredmedia":[{"embeddable":true,"href":"https:\/\/billigtbling.se\/en\/wp-json\/wp\/v2\/media\/5343"}],"wp:attachment":[{"href":"https:\/\/billigtbling.se\/en\/wp-json\/wp\/v2\/media?parent=5325"}],"wp:term":[{"taxonomy":"product_brand","embeddable":true,"href":"https:\/\/billigtbling.se\/en\/wp-json\/wp\/v2\/product_brand?post=5325"},{"taxonomy":"product_cat","embeddable":true,"href":"https:\/\/billigtbling.se\/en\/wp-json\/wp\/v2\/product_cat?post=5325"},{"taxonomy":"product_tag","embeddable":true,"href":"https:\/\/billigtbling.se\/en\/wp-json\/wp\/v2\/product_tag?post=5325"}],"curies":[{"name":"wp","href":"https:\/\/api.w.org\/{rel}","templated":true}]}}