{"id":6449,"date":"2022-10-22T13:23:35","date_gmt":"2022-10-22T11:23:35","guid":{"rendered":"https:\/\/billigtbling.se\/produkt\/humidor-4\/"},"modified":"2023-08-14T15:09:34","modified_gmt":"2023-08-14T13:09:34","slug":"humidor-4","status":"publish","type":"product","link":"https:\/\/billigtbling.se\/en\/product\/humidor-4\/","title":{"rendered":"HUMIDORS"},"content":{"rendered":"<p>Humidor with glass door and 4 cedar drawers.<\/p>\n<p>The humidor holds up to 50+ cigars.<\/p>\n<p>This humidor cabinet has four interior drawers to separate your precious cigars.<\/p>\n<p>The interior is lined with the finest Spanish cedar and the exterior is Burl Wood, finished with a matte finish.<\/p>\n<p>A perfect home for your favorite cigars!<\/p>\n<p>The humidor comes complete with an analog hygrometer on the glass cabinet&#039;s magnetic door outside and humidifies the air<\/p>\n<p>Perfect for office spaces, for desks and home offices, cafes, restaurants, bars and clubs,<\/p>\n<p>Dimensions: 23 cm x 22 cm x 22.5 cm<\/p>\n<p>Capacity: 50 cigars<\/p>\n<p>Dimensions: 22 x 23 x 24 cm<\/p>","protected":false},"excerpt":{"rendered":"<p>Humidor med glasd\u00f6rr och 4 cedertr\u00e4 l\u00e5dor. Humidorn rymmer upp till 50+ cigarrer. Detta humidorsk\u00e5p har fyra inv\u00e4ndiga l\u00e5dor f\u00f6r att separera dina dyrbara cigarrer. Interi\u00f6ren \u00e4r fodrad med den finaste spanska cedertr\u00e4 och exteri\u00f6ren \u00e4r Burl Wood, avslutad med en matt finish. Ett perfekt hem f\u00f6r dina favoritcigarrer! Humidor levereras komplett med en analog [&hellip;]<\/p>","protected":false},"featured_media":6444,"comment_status":"open","ping_status":"closed","template":"","meta":{"site-sidebar-layout":"default","site-content-layout":"","ast-site-content-layout":"default","site-content-style":"default","site-sidebar-style":"default","ast-global-header-display":"","ast-banner-title-visibility":"","ast-main-header-display":"","ast-hfb-above-header-display":"","ast-hfb-below-header-display":"","ast-hfb-mobile-header-display":"","site-post-title":"","ast-breadcrumbs-content":"","ast-featured-img":"","footer-sml-layout":"","theme-transparent-header-meta":"","adv-header-id-meta":"","stick-header-meta":"","header-above-stick-meta":"","header-main-stick-meta":"","header-below-stick-meta":"","astra-migrate-meta-layouts":"default","ast-page-background-enabled":"default","ast-page-background-meta":{"desktop":{"background-color":"var(--ast-global-color-4)","background-image":"","background-repeat":"repeat","background-position":"center center","background-size":"auto","background-attachment":"scroll","background-type":"","background-media":"","overlay-type":"","overlay-color":"","overlay-opacity":"","overlay-gradient":""},"tablet":{"background-color":"","background-image":"","background-repeat":"repeat","background-position":"center center","background-size":"auto","background-attachment":"scroll","background-type":"","background-media":"","overlay-type":"","overlay-color":"","overlay-opacity":"","overlay-gradient":""},"mobile":{"background-color":"","background-image":"","background-repeat":"repeat","background-position":"center center","background-size":"auto","background-attachment":"scroll","background-type":"","background-media":"","overlay-type":"","overlay-color":"","overlay-opacity":"","overlay-gradient":""}},"ast-content-background-meta":{"desktop":{"background-color":"var(--ast-global-color-5)","background-image":"","background-repeat":"repeat","background-position":"center center","background-size":"auto","background-attachment":"scroll","background-type":"","background-media":"","overlay-type":"","overlay-color":"","overlay-opacity":"","overlay-gradient":""},"tablet":{"background-color":"var(--ast-global-color-5)","background-image":"","background-repeat":"repeat","background-position":"center center","background-size":"auto","background-attachment":"scroll","background-type":"","background-media":"","overlay-type":"","overlay-color":"","overlay-opacity":"","overlay-gradient":""},"mobile":{"background-color":"var(--ast-global-color-5)","background-image":"","background-repeat":"repeat","background-position":"center center","background-size":"auto","background-attachment":"scroll","background-type":"","background-media":"","overlay-type":"","overlay-color":"","overlay-opacity":"","overlay-gradient":""}}},"product_brand":[],"product_cat":[161],"product_tag":[],"class_list":{"0":"post-6449","1":"product","2":"type-product","3":"status-publish","4":"has-post-thumbnail","6":"product_cat-humidorer","7":"desktop-align-left","8":"tablet-align-left","9":"mobile-align-left","11":"first","12":"outofstock","13":"taxable","14":"shipping-taxable","15":"purchasable","16":"product-type-simple"},"_links":{"self":[{"href":"https:\/\/billigtbling.se\/en\/wp-json\/wp\/v2\/product\/6449","targetHints":{"allow":["GET"]}}],"collection":[{"href":"https:\/\/billigtbling.se\/en\/wp-json\/wp\/v2\/product"}],"about":[{"href":"https:\/\/billigtbling.se\/en\/wp-json\/wp\/v2\/types\/product"}],"replies":[{"embeddable":true,"href":"https:\/\/billigtbling.se\/en\/wp-json\/wp\/v2\/comments?post=6449"}],"wp:featuredmedia":[{"embeddable":true,"href":"https:\/\/billigtbling.se\/en\/wp-json\/wp\/v2\/media\/6444"}],"wp:attachment":[{"href":"https:\/\/billigtbling.se\/en\/wp-json\/wp\/v2\/media?parent=6449"}],"wp:term":[{"taxonomy":"product_brand","embeddable":true,"href":"https:\/\/billigtbling.se\/en\/wp-json\/wp\/v2\/product_brand?post=6449"},{"taxonomy":"product_cat","embeddable":true,"href":"https:\/\/billigtbling.se\/en\/wp-json\/wp\/v2\/product_cat?post=6449"},{"taxonomy":"product_tag","embeddable":true,"href":"https:\/\/billigtbling.se\/en\/wp-json\/wp\/v2\/product_tag?post=6449"}],"curies":[{"name":"wp","href":"https:\/\/api.w.org\/{rel}","templated":true}]}}