{"id":6513,"date":"2022-10-22T13:23:56","date_gmt":"2022-10-22T11:23:56","guid":{"rendered":"https:\/\/billigtbling.se\/produkt\/wood-pipe-pipa-av-tra-3\/"},"modified":"2023-08-14T15:25:28","modified_gmt":"2023-08-14T13:25:28","slug":"wood-pipe-pipa-av-tra-3","status":"publish","type":"product","link":"https:\/\/billigtbling.se\/en\/product\/wood-pipe-pipa-av-tra-3\/","title":{"rendered":"Wood Pipe"},"content":{"rendered":"<p>You are purchasing a nice gift box from the Gentelo brand that contains:<\/p>\n<p>\u2013 A Gentelo pipe made of Briar wood,<\/p>\n<p>(Length of the barrel: approx. 13 cm. The barrel weighs approx. 38 grams.)<br \/>\u2013 A Pipe Lighter. The lighter is refillable and has an adjustable flame. It is made of metal.<strong>&nbsp;(note the color of the lighter may vary)<\/strong><br \/>\u2013 A metal pipe tool<\/p>\n<p>\u2013 A bag to store the pipe in<\/p>\n<p><\/p>","protected":false},"excerpt":{"rendered":"<p>Du k\u00f6per en fin presentf\u00f6rpackning av m\u00e4rket Gentelo som inneh\u00e5ller: &#8211; En Gentelo pipa av Briartr\u00e4, (L\u00e4ngd p\u00e5 pipan: ca 13 cm. Pipan v\u00e4ger cirka 38 gram.)&#8211; En Pipt\u00e4ndare . T\u00e4ndaren \u00e4r p\u00e5fyllbar och har en justerbar l\u00e5ga. Den \u00e4r tillverkad av metall.&nbsp;(obs f\u00e4rg p\u00e5 t\u00e4ndaren kan variera)&#8211; Ett Pipverktyg i metall &#8211; En v\u00e4ska [&hellip;]<\/p>","protected":false},"featured_media":6510,"comment_status":"open","ping_status":"closed","template":"","meta":{"site-sidebar-layout":"default","site-content-layout":"","ast-site-content-layout":"default","site-content-style":"default","site-sidebar-style":"default","ast-global-header-display":"","ast-banner-title-visibility":"","ast-main-header-display":"","ast-hfb-above-header-display":"","ast-hfb-below-header-display":"","ast-hfb-mobile-header-display":"","site-post-title":"","ast-breadcrumbs-content":"","ast-featured-img":"","footer-sml-layout":"","theme-transparent-header-meta":"","adv-header-id-meta":"","stick-header-meta":"","header-above-stick-meta":"","header-main-stick-meta":"","header-below-stick-meta":"","astra-migrate-meta-layouts":"default","ast-page-background-enabled":"default","ast-page-background-meta":{"desktop":{"background-color":"var(--ast-global-color-4)","background-image":"","background-repeat":"repeat","background-position":"center center","background-size":"auto","background-attachment":"scroll","background-type":"","background-media":"","overlay-type":"","overlay-color":"","overlay-opacity":"","overlay-gradient":""},"tablet":{"background-color":"","background-image":"","background-repeat":"repeat","background-position":"center center","background-size":"auto","background-attachment":"scroll","background-type":"","background-media":"","overlay-type":"","overlay-color":"","overlay-opacity":"","overlay-gradient":""},"mobile":{"background-color":"","background-image":"","background-repeat":"repeat","background-position":"center center","background-size":"auto","background-attachment":"scroll","background-type":"","background-media":"","overlay-type":"","overlay-color":"","overlay-opacity":"","overlay-gradient":""}},"ast-content-background-meta":{"desktop":{"background-color":"var(--ast-global-color-5)","background-image":"","background-repeat":"repeat","background-position":"center center","background-size":"auto","background-attachment":"scroll","background-type":"","background-media":"","overlay-type":"","overlay-color":"","overlay-opacity":"","overlay-gradient":""},"tablet":{"background-color":"var(--ast-global-color-5)","background-image":"","background-repeat":"repeat","background-position":"center center","background-size":"auto","background-attachment":"scroll","background-type":"","background-media":"","overlay-type":"","overlay-color":"","overlay-opacity":"","overlay-gradient":""},"mobile":{"background-color":"var(--ast-global-color-5)","background-image":"","background-repeat":"repeat","background-position":"center center","background-size":"auto","background-attachment":"scroll","background-type":"","background-media":"","overlay-type":"","overlay-color":"","overlay-opacity":"","overlay-gradient":""}}},"product_brand":[],"product_cat":[156],"product_tag":[],"class_list":{"0":"post-6513","1":"product","2":"type-product","3":"status-publish","4":"has-post-thumbnail","6":"product_cat-pipor","7":"desktop-align-left","8":"tablet-align-left","9":"mobile-align-left","11":"first","12":"outofstock","13":"taxable","14":"shipping-taxable","15":"purchasable","16":"product-type-simple"},"_links":{"self":[{"href":"https:\/\/billigtbling.se\/en\/wp-json\/wp\/v2\/product\/6513","targetHints":{"allow":["GET"]}}],"collection":[{"href":"https:\/\/billigtbling.se\/en\/wp-json\/wp\/v2\/product"}],"about":[{"href":"https:\/\/billigtbling.se\/en\/wp-json\/wp\/v2\/types\/product"}],"replies":[{"embeddable":true,"href":"https:\/\/billigtbling.se\/en\/wp-json\/wp\/v2\/comments?post=6513"}],"wp:featuredmedia":[{"embeddable":true,"href":"https:\/\/billigtbling.se\/en\/wp-json\/wp\/v2\/media\/6510"}],"wp:attachment":[{"href":"https:\/\/billigtbling.se\/en\/wp-json\/wp\/v2\/media?parent=6513"}],"wp:term":[{"taxonomy":"product_brand","embeddable":true,"href":"https:\/\/billigtbling.se\/en\/wp-json\/wp\/v2\/product_brand?post=6513"},{"taxonomy":"product_cat","embeddable":true,"href":"https:\/\/billigtbling.se\/en\/wp-json\/wp\/v2\/product_cat?post=6513"},{"taxonomy":"product_tag","embeddable":true,"href":"https:\/\/billigtbling.se\/en\/wp-json\/wp\/v2\/product_tag?post=6513"}],"curies":[{"name":"wp","href":"https:\/\/api.w.org\/{rel}","templated":true}]}}