{"id":9851,"date":"2023-06-15T16:33:29","date_gmt":"2023-06-15T14:33:29","guid":{"rendered":"https:\/\/billigtbling.se\/produkt\/drake-vinstall\/"},"modified":"2024-04-09T14:02:22","modified_gmt":"2024-04-09T12:02:22","slug":"drake-vinstall","status":"publish","type":"product","link":"https:\/\/billigtbling.se\/en\/product\/drake-vinstall\/","title":{"rendered":"Dragon Wine Rack"},"content":{"rendered":"<p>Wine rack for 5 bottles, the sides are decorated with pillars and what can be compared to a Celtic patterned temple, in the middle there are finely detailed dragons holding a divining ball. The rack itself is made of metal and has a color that should resemble rust brown, the sides are gray and cast. The wine rack has a practical wooden handle so you can move the entire rack easily.&nbsp;<br id=\"isPasted\">Similar to Agora gifthouse stuff.<\/p>\n<p>Size: ~34\u00d719.5\u00d736.5 cm, height with handle up ~42 cm<br \/>Weight:~2400g<\/p>","protected":false},"excerpt":{"rendered":"<p>Vinst\u00e4ll f\u00f6r 5 flaskor, sidorna \u00e4r dekorerade med pelare och vad som kan liknas ett keltiskt m\u00f6nstrat tempel, i mitten finns fint detaljerade drakar som h\u00e5ller i en sp\u00e5kula. Sj\u00e4lva st\u00e4llningen \u00e4r i metall och har en f\u00e4rg som ska likna rostbrun, sidorna \u00e4r gr\u00e5 och gjutna. Vinst\u00e4llet har ett praktiskt handtag i tr\u00e4 s\u00e5 [&hellip;]<\/p>","protected":false},"featured_media":10119,"comment_status":"open","ping_status":"closed","template":"","meta":{"site-sidebar-layout":"default","site-content-layout":"","ast-site-content-layout":"default","site-content-style":"default","site-sidebar-style":"default","ast-global-header-display":"","ast-banner-title-visibility":"","ast-main-header-display":"","ast-hfb-above-header-display":"","ast-hfb-below-header-display":"","ast-hfb-mobile-header-display":"","site-post-title":"","ast-breadcrumbs-content":"","ast-featured-img":"","footer-sml-layout":"","theme-transparent-header-meta":"","adv-header-id-meta":"","stick-header-meta":"","header-above-stick-meta":"","header-main-stick-meta":"","header-below-stick-meta":"","astra-migrate-meta-layouts":"default","ast-page-background-enabled":"default","ast-page-background-meta":{"desktop":{"background-color":"var(--ast-global-color-4)","background-image":"","background-repeat":"repeat","background-position":"center center","background-size":"auto","background-attachment":"scroll","background-type":"","background-media":"","overlay-type":"","overlay-color":"","overlay-opacity":"","overlay-gradient":""},"tablet":{"background-color":"","background-image":"","background-repeat":"repeat","background-position":"center center","background-size":"auto","background-attachment":"scroll","background-type":"","background-media":"","overlay-type":"","overlay-color":"","overlay-opacity":"","overlay-gradient":""},"mobile":{"background-color":"","background-image":"","background-repeat":"repeat","background-position":"center center","background-size":"auto","background-attachment":"scroll","background-type":"","background-media":"","overlay-type":"","overlay-color":"","overlay-opacity":"","overlay-gradient":""}},"ast-content-background-meta":{"desktop":{"background-color":"var(--ast-global-color-5)","background-image":"","background-repeat":"repeat","background-position":"center center","background-size":"auto","background-attachment":"scroll","background-type":"","background-media":"","overlay-type":"","overlay-color":"","overlay-opacity":"","overlay-gradient":""},"tablet":{"background-color":"var(--ast-global-color-5)","background-image":"","background-repeat":"repeat","background-position":"center center","background-size":"auto","background-attachment":"scroll","background-type":"","background-media":"","overlay-type":"","overlay-color":"","overlay-opacity":"","overlay-gradient":""},"mobile":{"background-color":"var(--ast-global-color-5)","background-image":"","background-repeat":"repeat","background-position":"center center","background-size":"auto","background-attachment":"scroll","background-type":"","background-media":"","overlay-type":"","overlay-color":"","overlay-opacity":"","overlay-gradient":""}}},"product_brand":[],"product_cat":[62],"product_tag":[],"class_list":{"0":"post-9851","1":"product","2":"type-product","3":"status-publish","4":"has-post-thumbnail","6":"product_cat-dekorationer","7":"desktop-align-left","8":"tablet-align-left","9":"mobile-align-left","11":"first","12":"outofstock","13":"taxable","14":"shipping-taxable","15":"purchasable","16":"product-type-simple"},"_links":{"self":[{"href":"https:\/\/billigtbling.se\/en\/wp-json\/wp\/v2\/product\/9851","targetHints":{"allow":["GET"]}}],"collection":[{"href":"https:\/\/billigtbling.se\/en\/wp-json\/wp\/v2\/product"}],"about":[{"href":"https:\/\/billigtbling.se\/en\/wp-json\/wp\/v2\/types\/product"}],"replies":[{"embeddable":true,"href":"https:\/\/billigtbling.se\/en\/wp-json\/wp\/v2\/comments?post=9851"}],"wp:featuredmedia":[{"embeddable":true,"href":"https:\/\/billigtbling.se\/en\/wp-json\/wp\/v2\/media\/10119"}],"wp:attachment":[{"href":"https:\/\/billigtbling.se\/en\/wp-json\/wp\/v2\/media?parent=9851"}],"wp:term":[{"taxonomy":"product_brand","embeddable":true,"href":"https:\/\/billigtbling.se\/en\/wp-json\/wp\/v2\/product_brand?post=9851"},{"taxonomy":"product_cat","embeddable":true,"href":"https:\/\/billigtbling.se\/en\/wp-json\/wp\/v2\/product_cat?post=9851"},{"taxonomy":"product_tag","embeddable":true,"href":"https:\/\/billigtbling.se\/en\/wp-json\/wp\/v2\/product_tag?post=9851"}],"curies":[{"name":"wp","href":"https:\/\/api.w.org\/{rel}","templated":true}]}}